{"id":108,"date":"2019-06-24T11:59:43","date_gmt":"2019-06-24T11:59:43","guid":{"rendered":"http:\/\/xn--feuerwehr-knigssee-n3b.de\/?page_id=108"},"modified":"2019-09-05T07:08:20","modified_gmt":"2019-09-05T07:08:20","slug":"downloads","status":"publish","type":"page","link":"http:\/\/xn--feuerwehr-knigssee-n3b.de\/?page_id=108","title":{"rendered":"Downloads + Galerie"},"content":{"rendered":"\n<figure class=\"wp-block-image\"><img loading=\"lazy\" decoding=\"async\" width=\"1024\" height=\"207\" src=\"http:\/\/xn--feuerwehr-knigssee-n3b.de\/wp-content\/uploads\/2019\/06\/K-rechts-1024x207.png\" alt=\"\" class=\"wp-image-127\" srcset=\"http:\/\/xn--feuerwehr-knigssee-n3b.de\/wp-content\/uploads\/2019\/06\/K-rechts-1024x207.png 1024w, http:\/\/xn--feuerwehr-knigssee-n3b.de\/wp-content\/uploads\/2019\/06\/K-rechts-300x61.png 300w, http:\/\/xn--feuerwehr-knigssee-n3b.de\/wp-content\/uploads\/2019\/06\/K-rechts-768x156.png 768w, http:\/\/xn--feuerwehr-knigssee-n3b.de\/wp-content\/uploads\/2019\/06\/K-rechts.png 1234w\" sizes=\"auto, (max-width: 1024px) 100vw, 1024px\" \/><\/figure>\n\n\n\n<p>Auch wir bieten Ihnen diverse Formulare zum Download an.<br>In der Regel ben\u00f6tigen Sie hier einen pdf-Reader.<\/p>\n\n\n\n<div class=\"wp-block-file\"><a href=\"http:\/\/xn--feuerwehr-knigssee-n3b.de\/wp-content\/uploads\/2019\/06\/Uebungsplan2019.pdf\">\u00dcbungsplan 2019<\/a><a href=\"http:\/\/xn--feuerwehr-knigssee-n3b.de\/wp-content\/uploads\/2019\/06\/Uebungsplan2019.pdf\" class=\"wp-block-file__button\" download>Herunterladen<\/a><\/div>\n\n\n\n<div class=\"wp-block-file\"><a href=\"http:\/\/xn--feuerwehr-knigssee-n3b.de\/wp-content\/uploads\/2019\/06\/Seite-1_2017-1.pdf\">Flyer F\u00f6rderverein Seite 1<\/a><a href=\"http:\/\/xn--feuerwehr-knigssee-n3b.de\/wp-content\/uploads\/2019\/06\/Seite-1_2017-1.pdf\" class=\"wp-block-file__button\" download>Herunterladen<\/a><\/div>\n\n\n\n<div class=\"wp-block-file\"><a href=\"http:\/\/xn--feuerwehr-knigssee-n3b.de\/wp-content\/uploads\/2019\/06\/Seite-2_2017-1.pdf\"> Flyer F\u00f6rderverein Seite 2<\/a><a href=\"http:\/\/xn--feuerwehr-knigssee-n3b.de\/wp-content\/uploads\/2019\/06\/Seite-2_2017-1.pdf\" class=\"wp-block-file__button\" download>Herunterladen<\/a><\/div>\n\n\n\n<hr class=\"wp-block-separator\"\/>\n\n\n\n<p>Hier eine kleine Bild-Galerie \u00fcber unser Einsatzgebiet und T\u00e4tigkeiten&#8230;<\/p>\n\n\n<style type=\"text\/css\">\n#foogallery-gallery-249 .fg-image { width: 150px; }\n#foogallery-gallery-249 { --fg-gutter: 10px; }<\/style>\n\t\t\t<div class=\"foogallery foogallery-container foogallery-default foogallery-lightbox-foobox fg-center fg-default fg-ready fg-light fg-border-thin fg-shadow-outline fg-loading-default fg-loaded-fade-in fg-hover-fade fg-hover-zoom\" id=\"foogallery-gallery-249\" data-foogallery=\"{&quot;item&quot;:{&quot;showCaptionTitle&quot;:false,&quot;showCaptionDescription&quot;:false},&quot;lazy&quot;:true}\" style=\"--fg-title-line-clamp: 0; --fg-description-line-clamp: 0;\" >\n\t<div class=\"fg-item fg-type-image fg-idle\"><figure class=\"fg-item-inner\"><a href=\"http:\/\/xn--feuerwehr-knigssee-n3b.de\/wp-content\/uploads\/2019\/09\/14-1n-1-e1567407701296.jpg\" data-attachment-id=\"244\" data-type=\"image\" class=\"fg-thumb\"><span class=\"fg-image-wrap\"><img decoding=\"async\" width=\"150\" height=\"150\" class=\"skip-lazy fg-image\" data-src-fg=\"http:\/\/xn--feuerwehr-knigssee-n3b.de\/wp-content\/uploads\/cache\/2019\/09\/14-1n-1-e1567407701296\/2777673479.jpg\" data-srcset-fg=\"http:\/\/xn--feuerwehr-knigssee-n3b.de\/wp-content\/uploads\/cache\/2019\/09\/14-1n-1-e1567407701296\/3350092746.jpg 2x,http:\/\/xn--feuerwehr-knigssee-n3b.de\/wp-content\/uploads\/cache\/2019\/09\/14-1n-1-e1567407701296\/209276149.jpg 3x,http:\/\/xn--feuerwehr-knigssee-n3b.de\/wp-content\/uploads\/cache\/2019\/09\/14-1n-1-e1567407701296\/1851324472.jpg 4x\" src=\"data:image\/svg+xml,%3Csvg%20xmlns%3D%22http%3A%2F%2Fwww.w3.org%2F2000%2Fsvg%22%20width%3D%22150%22%20height%3D%22150%22%20viewBox%3D%220%200%20150%20150%22%3E%3C%2Fsvg%3E\" loading=\"eager\"><\/span><span class=\"fg-image-overlay\"><\/span><\/a><\/figure><div class=\"fg-loader\"><\/div><\/div><div class=\"fg-item fg-type-image fg-idle\"><figure class=\"fg-item-inner\"><a href=\"http:\/\/xn--feuerwehr-knigssee-n3b.de\/wp-content\/uploads\/2019\/09\/7ED4047A-27A3-49C2-A18F-B4F8627D2E91.jpeg\" data-attachment-id=\"239\" data-type=\"image\" class=\"fg-thumb\"><span class=\"fg-image-wrap\"><img decoding=\"async\" width=\"150\" height=\"150\" class=\"skip-lazy fg-image\" data-src-fg=\"http:\/\/xn--feuerwehr-knigssee-n3b.de\/wp-content\/uploads\/cache\/2019\/09\/7ED4047A-27A3-49C2-A18F-B4F8627D2E91\/451233829.jpeg\" data-srcset-fg=\"http:\/\/xn--feuerwehr-knigssee-n3b.de\/wp-content\/uploads\/cache\/2019\/09\/7ED4047A-27A3-49C2-A18F-B4F8627D2E91\/1471468480.jpeg 2x,http:\/\/xn--feuerwehr-knigssee-n3b.de\/wp-content\/uploads\/cache\/2019\/09\/7ED4047A-27A3-49C2-A18F-B4F8627D2E91\/3435062508.jpeg 3x,http:\/\/xn--feuerwehr-knigssee-n3b.de\/wp-content\/uploads\/cache\/2019\/09\/7ED4047A-27A3-49C2-A18F-B4F8627D2E91\/2179956489.jpeg 4x\" src=\"data:image\/svg+xml,%3Csvg%20xmlns%3D%22http%3A%2F%2Fwww.w3.org%2F2000%2Fsvg%22%20width%3D%22150%22%20height%3D%22150%22%20viewBox%3D%220%200%20150%20150%22%3E%3C%2Fsvg%3E\" loading=\"eager\"><\/span><span class=\"fg-image-overlay\"><\/span><\/a><\/figure><div class=\"fg-loader\"><\/div><\/div><div class=\"fg-item fg-type-image fg-idle\"><figure class=\"fg-item-inner\"><a href=\"http:\/\/xn--feuerwehr-knigssee-n3b.de\/wp-content\/uploads\/2019\/06\/Fackelwanderung-003.jpg\" data-attachment-id=\"196\" data-type=\"image\" class=\"fg-thumb\"><span class=\"fg-image-wrap\"><img decoding=\"async\" width=\"150\" height=\"150\" class=\"skip-lazy fg-image\" data-src-fg=\"http:\/\/xn--feuerwehr-knigssee-n3b.de\/wp-content\/uploads\/cache\/2019\/06\/Fackelwanderung-003\/503972543.jpg\" data-srcset-fg=\"http:\/\/xn--feuerwehr-knigssee-n3b.de\/wp-content\/uploads\/cache\/2019\/06\/Fackelwanderung-003\/1582301989.jpg 2x,http:\/\/xn--feuerwehr-knigssee-n3b.de\/wp-content\/uploads\/cache\/2019\/06\/Fackelwanderung-003\/388144025.jpg 3x,http:\/\/xn--feuerwehr-knigssee-n3b.de\/wp-content\/uploads\/cache\/2019\/06\/Fackelwanderung-003\/1467521539.jpg 4x\" src=\"data:image\/svg+xml,%3Csvg%20xmlns%3D%22http%3A%2F%2Fwww.w3.org%2F2000%2Fsvg%22%20width%3D%22150%22%20height%3D%22150%22%20viewBox%3D%220%200%20150%20150%22%3E%3C%2Fsvg%3E\" loading=\"eager\"><\/span><span class=\"fg-image-overlay\"><\/span><\/a><\/figure><div class=\"fg-loader\"><\/div><\/div><div class=\"fg-item fg-type-image fg-idle\"><figure class=\"fg-item-inner\"><a href=\"http:\/\/xn--feuerwehr-knigssee-n3b.de\/wp-content\/uploads\/2019\/06\/P1030603.jpg\" data-attachment-id=\"177\" data-type=\"image\" class=\"fg-thumb\"><span class=\"fg-image-wrap\"><img decoding=\"async\" width=\"150\" height=\"150\" class=\"skip-lazy fg-image\" data-src-fg=\"http:\/\/xn--feuerwehr-knigssee-n3b.de\/wp-content\/uploads\/cache\/2019\/06\/P1030603\/618106326.jpg\" data-srcset-fg=\"http:\/\/xn--feuerwehr-knigssee-n3b.de\/wp-content\/uploads\/cache\/2019\/06\/P1030603\/1076626211.jpg 2x,http:\/\/xn--feuerwehr-knigssee-n3b.de\/wp-content\/uploads\/cache\/2019\/06\/P1030603\/270262881.jpg 3x,http:\/\/xn--feuerwehr-knigssee-n3b.de\/wp-content\/uploads\/cache\/2019\/06\/P1030603\/1960864916.jpg 4x\" src=\"data:image\/svg+xml,%3Csvg%20xmlns%3D%22http%3A%2F%2Fwww.w3.org%2F2000%2Fsvg%22%20width%3D%22150%22%20height%3D%22150%22%20viewBox%3D%220%200%20150%20150%22%3E%3C%2Fsvg%3E\" loading=\"eager\"><\/span><span class=\"fg-image-overlay\"><\/span><\/a><\/figure><div class=\"fg-loader\"><\/div><\/div><div class=\"fg-item fg-type-image fg-idle\"><figure class=\"fg-item-inner\"><a href=\"http:\/\/xn--feuerwehr-knigssee-n3b.de\/wp-content\/uploads\/2019\/06\/P1030601.jpg\" data-attachment-id=\"176\" data-type=\"image\" class=\"fg-thumb\"><span class=\"fg-image-wrap\"><img decoding=\"async\" width=\"150\" height=\"150\" class=\"skip-lazy fg-image\" data-src-fg=\"http:\/\/xn--feuerwehr-knigssee-n3b.de\/wp-content\/uploads\/cache\/2019\/06\/P1030601\/4225046920.jpg\" data-srcset-fg=\"http:\/\/xn--feuerwehr-knigssee-n3b.de\/wp-content\/uploads\/cache\/2019\/06\/P1030601\/2670630781.jpg 2x,http:\/\/xn--feuerwehr-knigssee-n3b.de\/wp-content\/uploads\/cache\/2019\/06\/P1030601\/3474552383.jpg 3x,http:\/\/xn--feuerwehr-knigssee-n3b.de\/wp-content\/uploads\/cache\/2019\/06\/P1030601\/2883778762.jpg 4x\" src=\"data:image\/svg+xml,%3Csvg%20xmlns%3D%22http%3A%2F%2Fwww.w3.org%2F2000%2Fsvg%22%20width%3D%22150%22%20height%3D%22150%22%20viewBox%3D%220%200%20150%20150%22%3E%3C%2Fsvg%3E\" loading=\"eager\"><\/span><span class=\"fg-image-overlay\"><\/span><\/a><\/figure><div class=\"fg-loader\"><\/div><\/div><div class=\"fg-item fg-type-image fg-idle\"><figure class=\"fg-item-inner\"><a href=\"http:\/\/xn--feuerwehr-knigssee-n3b.de\/wp-content\/uploads\/2019\/06\/P1030792.jpg\" data-attachment-id=\"178\" data-type=\"image\" class=\"fg-thumb\"><span class=\"fg-image-wrap\"><img decoding=\"async\" width=\"150\" height=\"150\" class=\"skip-lazy fg-image\" data-src-fg=\"http:\/\/xn--feuerwehr-knigssee-n3b.de\/wp-content\/uploads\/cache\/2019\/06\/P1030792\/4229048792.jpg\" data-srcset-fg=\"http:\/\/xn--feuerwehr-knigssee-n3b.de\/wp-content\/uploads\/cache\/2019\/06\/P1030792\/2565449517.jpg 2x,http:\/\/xn--feuerwehr-knigssee-n3b.de\/wp-content\/uploads\/cache\/2019\/06\/P1030792\/3370010223.jpg 3x,http:\/\/xn--feuerwehr-knigssee-n3b.de\/wp-content\/uploads\/cache\/2019\/06\/P1030792\/2888157338.jpg 4x\" src=\"data:image\/svg+xml,%3Csvg%20xmlns%3D%22http%3A%2F%2Fwww.w3.org%2F2000%2Fsvg%22%20width%3D%22150%22%20height%3D%22150%22%20viewBox%3D%220%200%20150%20150%22%3E%3C%2Fsvg%3E\" loading=\"eager\"><\/span><span class=\"fg-image-overlay\"><\/span><\/a><\/figure><div class=\"fg-loader\"><\/div><\/div><div class=\"fg-item fg-type-image fg-idle\"><figure class=\"fg-item-inner\"><a href=\"http:\/\/xn--feuerwehr-knigssee-n3b.de\/wp-content\/uploads\/2019\/06\/P1020595.jpg\" data-attachment-id=\"172\" data-type=\"image\" class=\"fg-thumb\"><span class=\"fg-image-wrap\"><img decoding=\"async\" width=\"150\" height=\"150\" class=\"skip-lazy fg-image\" data-src-fg=\"http:\/\/xn--feuerwehr-knigssee-n3b.de\/wp-content\/uploads\/cache\/2019\/06\/P1020595\/3131248650.jpg\" data-srcset-fg=\"http:\/\/xn--feuerwehr-knigssee-n3b.de\/wp-content\/uploads\/cache\/2019\/06\/P1020595\/3730349823.jpg 2x,http:\/\/xn--feuerwehr-knigssee-n3b.de\/wp-content\/uploads\/cache\/2019\/06\/P1020595\/2389671869.jpg 3x,http:\/\/xn--feuerwehr-knigssee-n3b.de\/wp-content\/uploads\/cache\/2019\/06\/P1020595\/3935629640.jpg 4x\" src=\"data:image\/svg+xml,%3Csvg%20xmlns%3D%22http%3A%2F%2Fwww.w3.org%2F2000%2Fsvg%22%20width%3D%22150%22%20height%3D%22150%22%20viewBox%3D%220%200%20150%20150%22%3E%3C%2Fsvg%3E\" loading=\"eager\"><\/span><span class=\"fg-image-overlay\"><\/span><\/a><\/figure><div class=\"fg-loader\"><\/div><\/div><div class=\"fg-item fg-type-image fg-idle\"><figure class=\"fg-item-inner\"><a href=\"http:\/\/xn--feuerwehr-knigssee-n3b.de\/wp-content\/uploads\/2019\/06\/IMG_2072.jpg\" data-attachment-id=\"171\" data-type=\"image\" class=\"fg-thumb\"><span class=\"fg-image-wrap\"><img decoding=\"async\" width=\"150\" height=\"150\" class=\"skip-lazy fg-image\" data-src-fg=\"http:\/\/xn--feuerwehr-knigssee-n3b.de\/wp-content\/uploads\/cache\/2019\/06\/IMG_2072\/956874322.jpg\" data-srcset-fg=\"http:\/\/xn--feuerwehr-knigssee-n3b.de\/wp-content\/uploads\/cache\/2019\/06\/IMG_2072\/1576218791.jpg 2x,http:\/\/xn--feuerwehr-knigssee-n3b.de\/wp-content\/uploads\/cache\/2019\/06\/IMG_2072\/231002597.jpg 3x,http:\/\/xn--feuerwehr-knigssee-n3b.de\/wp-content\/uploads\/cache\/2019\/06\/IMG_2072\/1765760784.jpg 4x\" src=\"data:image\/svg+xml,%3Csvg%20xmlns%3D%22http%3A%2F%2Fwww.w3.org%2F2000%2Fsvg%22%20width%3D%22150%22%20height%3D%22150%22%20viewBox%3D%220%200%20150%20150%22%3E%3C%2Fsvg%3E\" loading=\"eager\"><\/span><span class=\"fg-image-overlay\"><\/span><\/a><\/figure><div class=\"fg-loader\"><\/div><\/div><div class=\"fg-item fg-type-image fg-idle\"><figure class=\"fg-item-inner\"><a href=\"http:\/\/xn--feuerwehr-knigssee-n3b.de\/wp-content\/uploads\/2019\/06\/IMG_2063.jpg\" data-attachment-id=\"170\" data-type=\"image\" class=\"fg-thumb\"><span class=\"fg-image-wrap\"><img decoding=\"async\" width=\"150\" height=\"150\" class=\"skip-lazy fg-image\" data-src-fg=\"http:\/\/xn--feuerwehr-knigssee-n3b.de\/wp-content\/uploads\/cache\/2019\/06\/IMG_2063\/2147367340.jpg\" data-srcset-fg=\"http:\/\/xn--feuerwehr-knigssee-n3b.de\/wp-content\/uploads\/cache\/2019\/06\/IMG_2063\/453359449.jpg 2x,http:\/\/xn--feuerwehr-knigssee-n3b.de\/wp-content\/uploads\/cache\/2019\/06\/IMG_2063\/1261590043.jpg 3x,http:\/\/xn--feuerwehr-knigssee-n3b.de\/wp-content\/uploads\/cache\/2019\/06\/IMG_2063\/801757422.jpg 4x\" src=\"data:image\/svg+xml,%3Csvg%20xmlns%3D%22http%3A%2F%2Fwww.w3.org%2F2000%2Fsvg%22%20width%3D%22150%22%20height%3D%22150%22%20viewBox%3D%220%200%20150%20150%22%3E%3C%2Fsvg%3E\" loading=\"eager\"><\/span><span class=\"fg-image-overlay\"><\/span><\/a><\/figure><div class=\"fg-loader\"><\/div><\/div><div class=\"fg-item fg-type-image fg-idle\"><figure class=\"fg-item-inner\"><a href=\"http:\/\/xn--feuerwehr-knigssee-n3b.de\/wp-content\/uploads\/2019\/06\/Handy-April-2016-423.jpg\" data-attachment-id=\"168\" data-type=\"image\" class=\"fg-thumb\"><span class=\"fg-image-wrap\"><img decoding=\"async\" width=\"150\" height=\"150\" class=\"skip-lazy fg-image\" data-src-fg=\"http:\/\/xn--feuerwehr-knigssee-n3b.de\/wp-content\/uploads\/cache\/2019\/06\/Handy-April-2016-423\/1877700933.jpg\" data-srcset-fg=\"http:\/\/xn--feuerwehr-knigssee-n3b.de\/wp-content\/uploads\/cache\/2019\/06\/Handy-April-2016-423\/2138132766.jpg 2x,http:\/\/xn--feuerwehr-knigssee-n3b.de\/wp-content\/uploads\/cache\/2019\/06\/Handy-April-2016-423\/3186613281.jpg 3x,http:\/\/xn--feuerwehr-knigssee-n3b.de\/wp-content\/uploads\/cache\/2019\/06\/Handy-April-2016-423\/2910190714.jpg 4x\" src=\"data:image\/svg+xml,%3Csvg%20xmlns%3D%22http%3A%2F%2Fwww.w3.org%2F2000%2Fsvg%22%20width%3D%22150%22%20height%3D%22150%22%20viewBox%3D%220%200%20150%20150%22%3E%3C%2Fsvg%3E\" loading=\"eager\"><\/span><span class=\"fg-image-overlay\"><\/span><\/a><\/figure><div class=\"fg-loader\"><\/div><\/div><div class=\"fg-item fg-type-image fg-idle\"><figure class=\"fg-item-inner\"><a href=\"http:\/\/xn--feuerwehr-knigssee-n3b.de\/wp-content\/uploads\/2019\/06\/Berufsfeuerwehrtag-2018-Fotos-356.jpg\" data-attachment-id=\"166\" data-type=\"image\" class=\"fg-thumb\"><span class=\"fg-image-wrap\"><img decoding=\"async\" width=\"150\" height=\"150\" class=\"skip-lazy fg-image\" data-src-fg=\"http:\/\/xn--feuerwehr-knigssee-n3b.de\/wp-content\/uploads\/cache\/2019\/06\/Berufsfeuerwehrtag-2018-Fotos-356\/771958835.jpg\" data-srcset-fg=\"http:\/\/xn--feuerwehr-knigssee-n3b.de\/wp-content\/uploads\/cache\/2019\/06\/Berufsfeuerwehrtag-2018-Fotos-356\/3713023232.jpg 2x,http:\/\/xn--feuerwehr-knigssee-n3b.de\/wp-content\/uploads\/cache\/2019\/06\/Berufsfeuerwehrtag-2018-Fotos-356\/3145682072.jpg 3x,http:\/\/xn--feuerwehr-knigssee-n3b.de\/wp-content\/uploads\/cache\/2019\/06\/Berufsfeuerwehrtag-2018-Fotos-356\/1210866091.jpg 4x\" src=\"data:image\/svg+xml,%3Csvg%20xmlns%3D%22http%3A%2F%2Fwww.w3.org%2F2000%2Fsvg%22%20width%3D%22150%22%20height%3D%22150%22%20viewBox%3D%220%200%20150%20150%22%3E%3C%2Fsvg%3E\" loading=\"eager\"><\/span><span class=\"fg-image-overlay\"><\/span><\/a><\/figure><div class=\"fg-loader\"><\/div><\/div><div class=\"fg-item fg-type-image fg-idle\"><figure class=\"fg-item-inner\"><a href=\"http:\/\/xn--feuerwehr-knigssee-n3b.de\/wp-content\/uploads\/2019\/06\/Berufsfeuerwehrtag-2018-Fotos-074.jpg\" data-attachment-id=\"165\" data-type=\"image\" class=\"fg-thumb\"><span class=\"fg-image-wrap\"><img decoding=\"async\" width=\"150\" height=\"150\" class=\"skip-lazy fg-image\" data-src-fg=\"http:\/\/xn--feuerwehr-knigssee-n3b.de\/wp-content\/uploads\/cache\/2019\/06\/Berufsfeuerwehrtag-2018-Fotos-074\/1453531907.jpg\" data-srcset-fg=\"http:\/\/xn--feuerwehr-knigssee-n3b.de\/wp-content\/uploads\/cache\/2019\/06\/Berufsfeuerwehrtag-2018-Fotos-074\/2783983152.jpg 2x,http:\/\/xn--feuerwehr-knigssee-n3b.de\/wp-content\/uploads\/cache\/2019\/06\/Berufsfeuerwehrtag-2018-Fotos-074\/3286189992.jpg 3x,http:\/\/xn--feuerwehr-knigssee-n3b.de\/wp-content\/uploads\/cache\/2019\/06\/Berufsfeuerwehrtag-2018-Fotos-074\/814502555.jpg 4x\" src=\"data:image\/svg+xml,%3Csvg%20xmlns%3D%22http%3A%2F%2Fwww.w3.org%2F2000%2Fsvg%22%20width%3D%22150%22%20height%3D%22150%22%20viewBox%3D%220%200%20150%20150%22%3E%3C%2Fsvg%3E\" loading=\"eager\"><\/span><span class=\"fg-image-overlay\"><\/span><\/a><\/figure><div class=\"fg-loader\"><\/div><\/div><div class=\"fg-item fg-type-image fg-idle\"><figure class=\"fg-item-inner\"><a href=\"http:\/\/xn--feuerwehr-knigssee-n3b.de\/wp-content\/uploads\/2019\/06\/1.jpg\" data-attachment-id=\"161\" data-type=\"image\" class=\"fg-thumb\"><span class=\"fg-image-wrap\"><img decoding=\"async\" width=\"150\" height=\"150\" class=\"skip-lazy fg-image\" data-src-fg=\"http:\/\/xn--feuerwehr-knigssee-n3b.de\/wp-content\/uploads\/cache\/2019\/06\/1\/3995752088.jpg\" data-srcset-fg=\"http:\/\/xn--feuerwehr-knigssee-n3b.de\/wp-content\/uploads\/cache\/2019\/06\/1\/3912797991.jpg 2x,http:\/\/xn--feuerwehr-knigssee-n3b.de\/wp-content\/uploads\/cache\/2019\/06\/1\/184364422.jpg 3x,http:\/\/xn--feuerwehr-knigssee-n3b.de\/wp-content\/uploads\/cache\/2019\/06\/1\/233829433.jpg 4x\" src=\"data:image\/svg+xml,%3Csvg%20xmlns%3D%22http%3A%2F%2Fwww.w3.org%2F2000%2Fsvg%22%20width%3D%22150%22%20height%3D%22150%22%20viewBox%3D%220%200%20150%20150%22%3E%3C%2Fsvg%3E\" loading=\"eager\"><\/span><span class=\"fg-image-overlay\"><\/span><\/a><\/figure><div class=\"fg-loader\"><\/div><\/div><div class=\"fg-item fg-type-image fg-idle\"><figure class=\"fg-item-inner\"><a href=\"http:\/\/xn--feuerwehr-knigssee-n3b.de\/wp-content\/uploads\/2019\/06\/1b7e8c7b-199e-4c0e-81b1-11023fd4871a.jpg\" data-attachment-id=\"162\" data-type=\"image\" class=\"fg-thumb\"><span class=\"fg-image-wrap\"><img decoding=\"async\" width=\"150\" height=\"150\" class=\"skip-lazy fg-image\" data-src-fg=\"http:\/\/xn--feuerwehr-knigssee-n3b.de\/wp-content\/uploads\/cache\/2019\/06\/1b7e8c7b-199e-4c0e-81b1-11023fd4871a\/1716377066.jpg\" data-srcset-fg=\"http:\/\/xn--feuerwehr-knigssee-n3b.de\/wp-content\/uploads\/cache\/2019\/06\/1b7e8c7b-199e-4c0e-81b1-11023fd4871a\/2243389578.jpg 2x,http:\/\/xn--feuerwehr-knigssee-n3b.de\/wp-content\/uploads\/cache\/2019\/06\/1b7e8c7b-199e-4c0e-81b1-11023fd4871a\/3947033674.jpg 3x,http:\/\/xn--feuerwehr-knigssee-n3b.de\/wp-content\/uploads\/cache\/2019\/06\/1b7e8c7b-199e-4c0e-81b1-11023fd4871a\/146295082.jpg 4x\" src=\"data:image\/svg+xml,%3Csvg%20xmlns%3D%22http%3A%2F%2Fwww.w3.org%2F2000%2Fsvg%22%20width%3D%22150%22%20height%3D%22150%22%20viewBox%3D%220%200%20150%20150%22%3E%3C%2Fsvg%3E\" loading=\"eager\"><\/span><span class=\"fg-image-overlay\"><\/span><\/a><\/figure><div class=\"fg-loader\"><\/div><\/div><div class=\"fg-item fg-type-image fg-idle\"><figure class=\"fg-item-inner\"><a href=\"http:\/\/xn--feuerwehr-knigssee-n3b.de\/wp-content\/uploads\/2019\/06\/8c587a50-ed9b-43b3-8b87-f404e6df64b3.jpg\" data-attachment-id=\"163\" data-type=\"image\" class=\"fg-thumb\"><span class=\"fg-image-wrap\"><img decoding=\"async\" width=\"150\" height=\"150\" class=\"skip-lazy fg-image\" data-src-fg=\"http:\/\/xn--feuerwehr-knigssee-n3b.de\/wp-content\/uploads\/cache\/2019\/06\/8c587a50-ed9b-43b3-8b87-f404e6df64b3\/226870806.jpg\" data-srcset-fg=\"http:\/\/xn--feuerwehr-knigssee-n3b.de\/wp-content\/uploads\/cache\/2019\/06\/8c587a50-ed9b-43b3-8b87-f404e6df64b3\/4001332086.jpg 2x,http:\/\/xn--feuerwehr-knigssee-n3b.de\/wp-content\/uploads\/cache\/2019\/06\/8c587a50-ed9b-43b3-8b87-f404e6df64b3\/2156586934.jpg 3x,http:\/\/xn--feuerwehr-knigssee-n3b.de\/wp-content\/uploads\/cache\/2019\/06\/8c587a50-ed9b-43b3-8b87-f404e6df64b3\/1668307670.jpg 4x\" src=\"data:image\/svg+xml,%3Csvg%20xmlns%3D%22http%3A%2F%2Fwww.w3.org%2F2000%2Fsvg%22%20width%3D%22150%22%20height%3D%22150%22%20viewBox%3D%220%200%20150%20150%22%3E%3C%2Fsvg%3E\" loading=\"eager\"><\/span><span class=\"fg-image-overlay\"><\/span><\/a><\/figure><div class=\"fg-loader\"><\/div><\/div><div class=\"fg-item fg-type-image fg-idle\"><figure class=\"fg-item-inner\"><a href=\"http:\/\/xn--feuerwehr-knigssee-n3b.de\/wp-content\/uploads\/2019\/06\/CAD54C74-FD47-4386-9C2B-CDACD14863D2.jpeg\" data-attachment-id=\"12\" data-type=\"image\" class=\"fg-thumb\"><span class=\"fg-image-wrap\"><img decoding=\"async\" width=\"150\" height=\"150\" class=\"skip-lazy fg-image\" data-src-fg=\"http:\/\/xn--feuerwehr-knigssee-n3b.de\/wp-content\/uploads\/cache\/2019\/06\/CAD54C74-FD47-4386-9C2B-CDACD14863D2\/3358218924.jpeg\" data-srcset-fg=\"http:\/\/xn--feuerwehr-knigssee-n3b.de\/wp-content\/uploads\/cache\/2019\/06\/CAD54C74-FD47-4386-9C2B-CDACD14863D2\/735111116.jpeg 2x,http:\/\/xn--feuerwehr-knigssee-n3b.de\/wp-content\/uploads\/cache\/2019\/06\/CAD54C74-FD47-4386-9C2B-CDACD14863D2\/1160084236.jpeg 3x,http:\/\/xn--feuerwehr-knigssee-n3b.de\/wp-content\/uploads\/cache\/2019\/06\/CAD54C74-FD47-4386-9C2B-CDACD14863D2\/2799683180.jpeg 4x\" src=\"data:image\/svg+xml,%3Csvg%20xmlns%3D%22http%3A%2F%2Fwww.w3.org%2F2000%2Fsvg%22%20width%3D%22150%22%20height%3D%22150%22%20viewBox%3D%220%200%20150%20150%22%3E%3C%2Fsvg%3E\" loading=\"eager\"><\/span><span class=\"fg-image-overlay\"><\/span><\/a><\/figure><div class=\"fg-loader\"><\/div><\/div><\/div>\n\n\n\n\n<hr class=\"wp-block-separator\"\/>\n\n\n\n<div class=\"wp-block-image\"><figure class=\"aligncenter\"><img loading=\"lazy\" decoding=\"async\" width=\"770\" height=\"271\" src=\"http:\/\/xn--feuerwehr-knigssee-n3b.de\/wp-content\/uploads\/2019\/06\/35287-1.jpg\" alt=\"\" class=\"wp-image-112\" srcset=\"http:\/\/xn--feuerwehr-knigssee-n3b.de\/wp-content\/uploads\/2019\/06\/35287-1.jpg 770w, http:\/\/xn--feuerwehr-knigssee-n3b.de\/wp-content\/uploads\/2019\/06\/35287-1-300x106.jpg 300w, http:\/\/xn--feuerwehr-knigssee-n3b.de\/wp-content\/uploads\/2019\/06\/35287-1-768x270.jpg 768w\" sizes=\"auto, (max-width: 770px) 100vw, 770px\" \/><\/figure><\/div>\n","protected":false},"excerpt":{"rendered":"<p>Auch wir bieten Ihnen diverse Formulare zum Download an.In der Regel ben\u00f6tigen Sie hier einen pdf-Reader. Hier eine kleine Bild-Galerie \u00fcber unser Einsatzgebiet und T\u00e4tigkeiten&#8230;<\/p>\n","protected":false},"author":1,"featured_media":0,"parent":0,"menu_order":0,"comment_status":"closed","ping_status":"closed","template":"","meta":{"_eb_attr":"","footnotes":""},"class_list":["post-108","page","type-page","status-publish","hentry"],"_links":{"self":[{"href":"http:\/\/xn--feuerwehr-knigssee-n3b.de\/index.php?rest_route=\/wp\/v2\/pages\/108","targetHints":{"allow":["GET"]}}],"collection":[{"href":"http:\/\/xn--feuerwehr-knigssee-n3b.de\/index.php?rest_route=\/wp\/v2\/pages"}],"about":[{"href":"http:\/\/xn--feuerwehr-knigssee-n3b.de\/index.php?rest_route=\/wp\/v2\/types\/page"}],"author":[{"embeddable":true,"href":"http:\/\/xn--feuerwehr-knigssee-n3b.de\/index.php?rest_route=\/wp\/v2\/users\/1"}],"replies":[{"embeddable":true,"href":"http:\/\/xn--feuerwehr-knigssee-n3b.de\/index.php?rest_route=%2Fwp%2Fv2%2Fcomments&post=108"}],"version-history":[{"count":16,"href":"http:\/\/xn--feuerwehr-knigssee-n3b.de\/index.php?rest_route=\/wp\/v2\/pages\/108\/revisions"}],"predecessor-version":[{"id":691,"href":"http:\/\/xn--feuerwehr-knigssee-n3b.de\/index.php?rest_route=\/wp\/v2\/pages\/108\/revisions\/691"}],"wp:attachment":[{"href":"http:\/\/xn--feuerwehr-knigssee-n3b.de\/index.php?rest_route=%2Fwp%2Fv2%2Fmedia&parent=108"}],"curies":[{"name":"wp","href":"https:\/\/api.w.org\/{rel}","templated":true}]}}