{"id":21,"date":"2019-06-24T07:03:42","date_gmt":"2019-06-24T07:03:42","guid":{"rendered":"http:\/\/xn--feuerwehr-knigssee-n3b.de\/?page_id=21"},"modified":"2019-07-29T06:25:55","modified_gmt":"2019-07-29T06:25:55","slug":"ueber-uns","status":"publish","type":"page","link":"http:\/\/xn--feuerwehr-knigssee-n3b.de\/?page_id=21","title":{"rendered":"\u00dcber uns"},"content":{"rendered":"\n<figure class=\"wp-block-image\"><img loading=\"lazy\" decoding=\"async\" width=\"1024\" height=\"207\" src=\"http:\/\/xn--feuerwehr-knigssee-n3b.de\/wp-content\/uploads\/2019\/06\/K-rechts-1024x207.png\" alt=\"\" class=\"wp-image-127\" srcset=\"http:\/\/xn--feuerwehr-knigssee-n3b.de\/wp-content\/uploads\/2019\/06\/K-rechts-1024x207.png 1024w, http:\/\/xn--feuerwehr-knigssee-n3b.de\/wp-content\/uploads\/2019\/06\/K-rechts-300x61.png 300w, http:\/\/xn--feuerwehr-knigssee-n3b.de\/wp-content\/uploads\/2019\/06\/K-rechts-768x156.png 768w, http:\/\/xn--feuerwehr-knigssee-n3b.de\/wp-content\/uploads\/2019\/06\/K-rechts.png 1234w\" sizes=\"auto, (max-width: 1024px) 100vw, 1024px\" \/><\/figure>\n\n\n\n<p>Auf dieser Seite m\u00f6chten wir uns kurz vorstellen.<\/p>\n\n\n\n<p>Die freiwillige Feuerwehr K\u00f6nigssee wurde 1901 gegr\u00fcndet und ist seitdem f\u00fcr die Sicherheit in K\u00f6nigssee zust\u00e4ndig.<\/p>\n\n\n\n<p>Derzeit sind wir in der &#8222;Alten K\u00f6nigsseer Stra\u00dfe 33&#8220; im alten Schulgeb\u00e4ude untergebracht. <\/p>\n\n\n\n<p>Die Gemeinde Sch\u00f6nau am K\u00f6nigssee hat beschlossen, dass die FFW K\u00f6nigssee ein neues &#8222;Zuhause&#8220; erh\u00e4lt.<br>Hier befinden wir uns derzeit in der Planungs- und Umsetzungsphase.<\/p>\n\n\n\n<p>Sobald das neue Ger\u00e4tehaus fertiggestellt ist, erhalten Sie hier alle Informationen.<\/p>\n\n\n\n<p>Bitte haben Sie hier etwas Geduld.<\/p>\n\n\n\n<p>Dar\u00fcberhinaus erhalten Sie hier die Informationen \u00fcber den F\u00f6rderverein der FFW K\u00f6nigssee, unsere Fahrzeuge und alle Kontaktdaten.<\/p>\n\n\n\n<div class=\"wp-block-button\"><a class=\"wp-block-button__link\" href=\"http:\/\/xn--feuerwehr-knigssee-n3b.de\/?page_id=67\">F\u00f6rderverein<\/a><\/div>\n\n\n\n<div class=\"wp-block-button\"><a class=\"wp-block-button__link\" href=\"http:\/\/xn--feuerwehr-knigssee-n3b.de\/?page_id=23\">Fahrzeuge und Ger\u00e4te<\/a><\/div>\n\n\n\n<div class=\"wp-block-button\"><a class=\"wp-block-button__link\" href=\"http:\/\/xn--feuerwehr-knigssee-n3b.de\/?page_id=61\">Kontaktpersonen<\/a><\/div>\n\n\n\n<figure class=\"wp-block-image\"><img loading=\"lazy\" decoding=\"async\" width=\"1024\" height=\"147\" src=\"http:\/\/xn--feuerwehr-knigssee-n3b.de\/wp-content\/uploads\/2019\/06\/Header_test-1024x147.jpg\" alt=\"\" class=\"wp-image-141\" srcset=\"http:\/\/xn--feuerwehr-knigssee-n3b.de\/wp-content\/uploads\/2019\/06\/Header_test-1024x147.jpg 1024w, http:\/\/xn--feuerwehr-knigssee-n3b.de\/wp-content\/uploads\/2019\/06\/Header_test-300x43.jpg 300w, http:\/\/xn--feuerwehr-knigssee-n3b.de\/wp-content\/uploads\/2019\/06\/Header_test-768x110.jpg 768w, http:\/\/xn--feuerwehr-knigssee-n3b.de\/wp-content\/uploads\/2019\/06\/Header_test.jpg 1600w\" sizes=\"auto, (max-width: 1024px) 100vw, 1024px\" \/><\/figure>\n","protected":false},"excerpt":{"rendered":"<p>Auf dieser Seite m\u00f6chten wir uns kurz vorstellen. Die freiwillige Feuerwehr K\u00f6nigssee wurde 1901 gegr\u00fcndet und ist seitdem f\u00fcr die Sicherheit in K\u00f6nigssee zust\u00e4ndig. Derzeit sind wir in der &#8222;Alten K\u00f6nigsseer Stra\u00dfe 33&#8220; im alten Schulgeb\u00e4ude untergebracht. Die Gemeinde Sch\u00f6nau am K\u00f6nigssee hat beschlossen, dass die FFW K\u00f6nigssee ein neues &#8222;Zuhause&#8220; erh\u00e4lt.Hier befinden wir uns [&hellip;]<\/p>\n","protected":false},"author":1,"featured_media":0,"parent":0,"menu_order":0,"comment_status":"closed","ping_status":"closed","template":"","meta":{"_eb_attr":"","footnotes":""},"class_list":["post-21","page","type-page","status-publish","hentry"],"_links":{"self":[{"href":"http:\/\/xn--feuerwehr-knigssee-n3b.de\/index.php?rest_route=\/wp\/v2\/pages\/21","targetHints":{"allow":["GET"]}}],"collection":[{"href":"http:\/\/xn--feuerwehr-knigssee-n3b.de\/index.php?rest_route=\/wp\/v2\/pages"}],"about":[{"href":"http:\/\/xn--feuerwehr-knigssee-n3b.de\/index.php?rest_route=\/wp\/v2\/types\/page"}],"author":[{"embeddable":true,"href":"http:\/\/xn--feuerwehr-knigssee-n3b.de\/index.php?rest_route=\/wp\/v2\/users\/1"}],"replies":[{"embeddable":true,"href":"http:\/\/xn--feuerwehr-knigssee-n3b.de\/index.php?rest_route=%2Fwp%2Fv2%2Fcomments&post=21"}],"version-history":[{"count":3,"href":"http:\/\/xn--feuerwehr-knigssee-n3b.de\/index.php?rest_route=\/wp\/v2\/pages\/21\/revisions"}],"predecessor-version":[{"id":213,"href":"http:\/\/xn--feuerwehr-knigssee-n3b.de\/index.php?rest_route=\/wp\/v2\/pages\/21\/revisions\/213"}],"wp:attachment":[{"href":"http:\/\/xn--feuerwehr-knigssee-n3b.de\/index.php?rest_route=%2Fwp%2Fv2%2Fmedia&parent=21"}],"curies":[{"name":"wp","href":"https:\/\/api.w.org\/{rel}","templated":true}]}}