{"id":23,"date":"2019-06-24T07:22:01","date_gmt":"2019-06-24T07:22:01","guid":{"rendered":"http:\/\/xn--feuerwehr-knigssee-n3b.de\/?page_id=23"},"modified":"2023-01-30T23:45:47","modified_gmt":"2023-01-30T21:45:47","slug":"fahrzeuge-und-geraete","status":"publish","type":"page","link":"http:\/\/xn--feuerwehr-knigssee-n3b.de\/?page_id=23","title":{"rendered":"Fahrzeuge und Ger\u00e4te"},"content":{"rendered":"\n<figure class=\"wp-block-image\"><img loading=\"lazy\" decoding=\"async\" width=\"1024\" height=\"207\" src=\"http:\/\/xn--feuerwehr-knigssee-n3b.de\/wp-content\/uploads\/2019\/06\/K-rechts-1024x207.png\" alt=\"\" class=\"wp-image-127\" srcset=\"http:\/\/xn--feuerwehr-knigssee-n3b.de\/wp-content\/uploads\/2019\/06\/K-rechts-1024x207.png 1024w, http:\/\/xn--feuerwehr-knigssee-n3b.de\/wp-content\/uploads\/2019\/06\/K-rechts-300x61.png 300w, http:\/\/xn--feuerwehr-knigssee-n3b.de\/wp-content\/uploads\/2019\/06\/K-rechts-768x156.png 768w, http:\/\/xn--feuerwehr-knigssee-n3b.de\/wp-content\/uploads\/2019\/06\/K-rechts.png 1234w\" sizes=\"auto, (max-width: 1024px) 100vw, 1024px\" \/><\/figure>\n\n\n\n<p>Die freiwillige Feuerwehr K\u00f6nigssee unterh\u00e4lt derzeit drei Fahrzeuge f\u00fcr Ihre Sicherheit.<\/p>\n\n\n\n<figure class=\"wp-block-image size-large\"><img loading=\"lazy\" decoding=\"async\" width=\"1024\" height=\"576\" src=\"http:\/\/xn--feuerwehr-knigssee-n3b.de\/wp-content\/uploads\/2023\/01\/DJI_0115-1024x576.jpg\" alt=\"\" class=\"wp-image-636\" srcset=\"http:\/\/xn--feuerwehr-knigssee-n3b.de\/wp-content\/uploads\/2023\/01\/DJI_0115-1024x576.jpg 1024w, http:\/\/xn--feuerwehr-knigssee-n3b.de\/wp-content\/uploads\/2023\/01\/DJI_0115-300x169.jpg 300w, http:\/\/xn--feuerwehr-knigssee-n3b.de\/wp-content\/uploads\/2023\/01\/DJI_0115-768x432.jpg 768w, http:\/\/xn--feuerwehr-knigssee-n3b.de\/wp-content\/uploads\/2023\/01\/DJI_0115-1536x864.jpg 1536w, http:\/\/xn--feuerwehr-knigssee-n3b.de\/wp-content\/uploads\/2023\/01\/DJI_0115-2048x1152.jpg 2048w\" sizes=\"auto, (max-width: 1024px) 100vw, 1024px\" \/><\/figure>\n\n\n\n<p>Hier erhalten Sie einen kurzen \u00dcberblick \u00fcber die Feuerwehrfahrzeuge:<\/p>\n\n\n\n<hr class=\"wp-block-separator has-css-opacity\"\/>\n\n\n\n<p class=\"has-text-align-right has-medium-font-size\"><strong>Mannschaftstransportwagen MTW<\/strong>     <\/p>\n\n\n\n<figure class=\"wp-block-image size-large\"><img loading=\"lazy\" decoding=\"async\" width=\"1024\" height=\"683\" src=\"http:\/\/xn--feuerwehr-knigssee-n3b.de\/wp-content\/uploads\/2023\/01\/cropped-IMG_7674-scaled-1-1024x683.jpeg\" alt=\"\" class=\"wp-image-647\" srcset=\"http:\/\/xn--feuerwehr-knigssee-n3b.de\/wp-content\/uploads\/2023\/01\/cropped-IMG_7674-scaled-1-1024x683.jpeg 1024w, http:\/\/xn--feuerwehr-knigssee-n3b.de\/wp-content\/uploads\/2023\/01\/cropped-IMG_7674-scaled-1-300x200.jpeg 300w, http:\/\/xn--feuerwehr-knigssee-n3b.de\/wp-content\/uploads\/2023\/01\/cropped-IMG_7674-scaled-1-768x512.jpeg 768w, http:\/\/xn--feuerwehr-knigssee-n3b.de\/wp-content\/uploads\/2023\/01\/cropped-IMG_7674-scaled-1-1536x1025.jpeg 1536w, http:\/\/xn--feuerwehr-knigssee-n3b.de\/wp-content\/uploads\/2023\/01\/cropped-IMG_7674-scaled-1.jpeg 2000w\" sizes=\"auto, (max-width: 1024px) 100vw, 1024px\" \/><\/figure>\n\n\n\n<p>Funkrufnahme: Florian K\u00f6nigssee 14\/1<\/p>\n\n\n\n<p>Besatzung: 1\/8<\/p>\n\n\n\n<p>Ausr\u00fcstung:<\/p>\n\n\n\n<p>\u2013 Normbeladung als MZF<\/p>\n\n\n\n<p>\u2013 variabel beladbar mit Schnellladekisten (z.B. Hochwasser, Waldbrand, Baumsch\u00e4den, usw.)<\/p>\n\n\n\n<figure class=\"wp-block-gallery has-nested-images columns-default is-cropped wp-block-gallery-1 is-layout-flex wp-block-gallery-is-layout-flex\">\n<figure class=\"wp-block-image size-large\"><img loading=\"lazy\" decoding=\"async\" width=\"1024\" height=\"683\" data-id=\"628\" src=\"http:\/\/xn--feuerwehr-knigssee-n3b.de\/wp-content\/uploads\/2023\/01\/IMG_7675-1024x683.jpeg\" alt=\"\" class=\"wp-image-628\" srcset=\"http:\/\/xn--feuerwehr-knigssee-n3b.de\/wp-content\/uploads\/2023\/01\/IMG_7675-1024x683.jpeg 1024w, http:\/\/xn--feuerwehr-knigssee-n3b.de\/wp-content\/uploads\/2023\/01\/IMG_7675-300x200.jpeg 300w, http:\/\/xn--feuerwehr-knigssee-n3b.de\/wp-content\/uploads\/2023\/01\/IMG_7675-768x512.jpeg 768w, http:\/\/xn--feuerwehr-knigssee-n3b.de\/wp-content\/uploads\/2023\/01\/IMG_7675-1536x1024.jpeg 1536w, http:\/\/xn--feuerwehr-knigssee-n3b.de\/wp-content\/uploads\/2023\/01\/IMG_7675-2048x1365.jpeg 2048w\" sizes=\"auto, (max-width: 1024px) 100vw, 1024px\" \/><\/figure>\n\n\n\n<figure class=\"wp-block-image size-large\"><img loading=\"lazy\" decoding=\"async\" width=\"1024\" height=\"683\" data-id=\"626\" src=\"http:\/\/xn--feuerwehr-knigssee-n3b.de\/wp-content\/uploads\/2023\/01\/IMG_7677-1024x683.jpeg\" alt=\"\" class=\"wp-image-626\" srcset=\"http:\/\/xn--feuerwehr-knigssee-n3b.de\/wp-content\/uploads\/2023\/01\/IMG_7677-1024x683.jpeg 1024w, http:\/\/xn--feuerwehr-knigssee-n3b.de\/wp-content\/uploads\/2023\/01\/IMG_7677-300x200.jpeg 300w, http:\/\/xn--feuerwehr-knigssee-n3b.de\/wp-content\/uploads\/2023\/01\/IMG_7677-768x512.jpeg 768w, http:\/\/xn--feuerwehr-knigssee-n3b.de\/wp-content\/uploads\/2023\/01\/IMG_7677-1536x1024.jpeg 1536w, http:\/\/xn--feuerwehr-knigssee-n3b.de\/wp-content\/uploads\/2023\/01\/IMG_7677-2048x1365.jpeg 2048w\" sizes=\"auto, (max-width: 1024px) 100vw, 1024px\" \/><\/figure>\n\n\n\n<figure class=\"wp-block-image size-large\"><img loading=\"lazy\" decoding=\"async\" width=\"1024\" height=\"683\" data-id=\"627\" src=\"http:\/\/xn--feuerwehr-knigssee-n3b.de\/wp-content\/uploads\/2023\/01\/IMG_7676-1024x683.jpeg\" alt=\"\" class=\"wp-image-627\" srcset=\"http:\/\/xn--feuerwehr-knigssee-n3b.de\/wp-content\/uploads\/2023\/01\/IMG_7676-1024x683.jpeg 1024w, http:\/\/xn--feuerwehr-knigssee-n3b.de\/wp-content\/uploads\/2023\/01\/IMG_7676-300x200.jpeg 300w, http:\/\/xn--feuerwehr-knigssee-n3b.de\/wp-content\/uploads\/2023\/01\/IMG_7676-768x512.jpeg 768w, http:\/\/xn--feuerwehr-knigssee-n3b.de\/wp-content\/uploads\/2023\/01\/IMG_7676-1536x1024.jpeg 1536w, http:\/\/xn--feuerwehr-knigssee-n3b.de\/wp-content\/uploads\/2023\/01\/IMG_7676-2048x1365.jpeg 2048w\" sizes=\"auto, (max-width: 1024px) 100vw, 1024px\" \/><\/figure>\n<\/figure>\n\n\n\n<p>Hier die technischen Daten von VW:<\/p>\n\n\n\n<p>Fahrgestell: VW Transporter T6.1, 4 Motion, 204 PS, Automatikgetriebe mit Hinterachssperre<\/p>\n\n\n\n<p>Offroadumbau Fa. Terranger:<\/p>\n\n\n\n<p>4-Kreis Luftfahrwerk + 30mm H\u00f6herlegung, (Ca. 50mm h\u00f6her als original), Berge\u00f6sen vorne, Seikel Ansaugrohr Hochlegung, Bereifung BF Goodride All Terrain 255\/55 R18<\/p>\n\n\n\n<p>Aufbau Seiwald Austria:<\/p>\n\n\n\n<p>Schnirle Systemboden inkl. Sitze &#8222;Linea&#8220; mit &#8222;EasyLeg&#8220; Befestigung<\/p>\n\n\n\n<p>Blaulicht<\/p>\n\n\n\n<p>Warnbalken-LED XPERT-LP 4PRO-2PROM\/4PF-2PF, L\u00e4nge 141 cm, 10-30VCD, Fiamm Martinhorn<\/p>\n\n\n\n<p>Normbeladung MTW<\/p>\n\n\n\n<p>Umfeld Beleuchtung Scenelight SI7<\/p>\n\n\n\n<hr class=\"wp-block-separator has-css-opacity\"\/>\n\n\n\n<p class=\"has-text-align-right has-medium-font-size\"><strong>Staffell\u00f6schfahrzeug mit THL<\/strong>     <\/p>\n\n\n\n<figure class=\"wp-block-image size-large\"><img loading=\"lazy\" decoding=\"async\" width=\"1024\" height=\"683\" src=\"http:\/\/xn--feuerwehr-knigssee-n3b.de\/wp-content\/uploads\/2023\/01\/IMG_7641-1024x683.jpeg\" alt=\"\" class=\"wp-image-625\" srcset=\"http:\/\/xn--feuerwehr-knigssee-n3b.de\/wp-content\/uploads\/2023\/01\/IMG_7641-1024x683.jpeg 1024w, http:\/\/xn--feuerwehr-knigssee-n3b.de\/wp-content\/uploads\/2023\/01\/IMG_7641-300x200.jpeg 300w, http:\/\/xn--feuerwehr-knigssee-n3b.de\/wp-content\/uploads\/2023\/01\/IMG_7641-768x512.jpeg 768w, http:\/\/xn--feuerwehr-knigssee-n3b.de\/wp-content\/uploads\/2023\/01\/IMG_7641-1536x1024.jpeg 1536w, http:\/\/xn--feuerwehr-knigssee-n3b.de\/wp-content\/uploads\/2023\/01\/IMG_7641-2048x1365.jpeg 2048w\" sizes=\"auto, (max-width: 1024px) 100vw, 1024px\" \/><\/figure>\n\n\n\n<p>Funkrufnahme: <strong>Florian K\u00f6nigssee 49\/1<\/strong><br>Besatzung: 1\/5<br>Ausr\u00fcstung:<br>&#8211; 4 Atemschutzger\u00e4te<br>&#8211; Heckpumpe<br>&#8211; 1.000l L\u00f6schwasser<br>&#8211; Schauml\u00f6schmittel<br>&#8211; Motors\u00e4ge mit Zubeh\u00f6r<br>&#8211; Travel Power Anlage<br>&#8211; Zusatzbeladung THL (technische Hilfeleistung)<\/p>\n\n\n\n<figure class=\"wp-block-gallery has-nested-images columns-default is-cropped wp-block-gallery-2 is-layout-flex wp-block-gallery-is-layout-flex\">\n<figure class=\"wp-block-image size-large\"><img loading=\"lazy\" decoding=\"async\" width=\"1024\" height=\"683\" data-id=\"624\" src=\"http:\/\/xn--feuerwehr-knigssee-n3b.de\/wp-content\/uploads\/2023\/01\/IMG_7642-1024x683.jpeg\" alt=\"\" class=\"wp-image-624\" srcset=\"http:\/\/xn--feuerwehr-knigssee-n3b.de\/wp-content\/uploads\/2023\/01\/IMG_7642-1024x683.jpeg 1024w, http:\/\/xn--feuerwehr-knigssee-n3b.de\/wp-content\/uploads\/2023\/01\/IMG_7642-300x200.jpeg 300w, http:\/\/xn--feuerwehr-knigssee-n3b.de\/wp-content\/uploads\/2023\/01\/IMG_7642-768x512.jpeg 768w, http:\/\/xn--feuerwehr-knigssee-n3b.de\/wp-content\/uploads\/2023\/01\/IMG_7642-1536x1024.jpeg 1536w, http:\/\/xn--feuerwehr-knigssee-n3b.de\/wp-content\/uploads\/2023\/01\/IMG_7642-2048x1365.jpeg 2048w\" sizes=\"auto, (max-width: 1024px) 100vw, 1024px\" \/><\/figure>\n\n\n\n<figure class=\"wp-block-image\"><img loading=\"lazy\" decoding=\"async\" width=\"1024\" height=\"683\" data-id=\"197\" src=\"http:\/\/xn--feuerwehr-knigssee-n3b.de\/wp-content\/uploads\/2019\/06\/Fahrzeuge-FFW-K\u00f6nigssee-2015-043-1024x683.jpg\" alt=\"\" class=\"wp-image-197\" srcset=\"http:\/\/xn--feuerwehr-knigssee-n3b.de\/wp-content\/uploads\/2019\/06\/Fahrzeuge-FFW-K\u00f6nigssee-2015-043-1024x683.jpg 1024w, http:\/\/xn--feuerwehr-knigssee-n3b.de\/wp-content\/uploads\/2019\/06\/Fahrzeuge-FFW-K\u00f6nigssee-2015-043-300x200.jpg 300w, http:\/\/xn--feuerwehr-knigssee-n3b.de\/wp-content\/uploads\/2019\/06\/Fahrzeuge-FFW-K\u00f6nigssee-2015-043-768x512.jpg 768w\" sizes=\"auto, (max-width: 1024px) 100vw, 1024px\" \/><\/figure>\n\n\n\n<figure class=\"wp-block-image size-large\"><img loading=\"lazy\" decoding=\"async\" width=\"1024\" height=\"683\" data-id=\"622\" src=\"http:\/\/xn--feuerwehr-knigssee-n3b.de\/wp-content\/uploads\/2023\/01\/IMG_7646-1024x683.jpeg\" alt=\"\" class=\"wp-image-622\" srcset=\"http:\/\/xn--feuerwehr-knigssee-n3b.de\/wp-content\/uploads\/2023\/01\/IMG_7646-1024x683.jpeg 1024w, http:\/\/xn--feuerwehr-knigssee-n3b.de\/wp-content\/uploads\/2023\/01\/IMG_7646-300x200.jpeg 300w, http:\/\/xn--feuerwehr-knigssee-n3b.de\/wp-content\/uploads\/2023\/01\/IMG_7646-768x512.jpeg 768w, http:\/\/xn--feuerwehr-knigssee-n3b.de\/wp-content\/uploads\/2023\/01\/IMG_7646-1536x1024.jpeg 1536w, http:\/\/xn--feuerwehr-knigssee-n3b.de\/wp-content\/uploads\/2023\/01\/IMG_7646-2048x1365.jpeg 2048w\" sizes=\"auto, (max-width: 1024px) 100vw, 1024px\" \/><\/figure>\n<\/figure>\n\n\n\n<hr class=\"wp-block-separator has-css-opacity\"\/>\n\n\n\n<p class=\"has-text-align-right has-medium-font-size\"><strong>L\u00f6schfahrzeug LF 8<\/strong>     <\/p>\n\n\n\n<figure class=\"wp-block-image size-large\"><img loading=\"lazy\" decoding=\"async\" width=\"1024\" height=\"683\" src=\"http:\/\/xn--feuerwehr-knigssee-n3b.de\/wp-content\/uploads\/2023\/01\/IMG_7668-1024x683.jpeg\" alt=\"\" class=\"wp-image-630\" srcset=\"http:\/\/xn--feuerwehr-knigssee-n3b.de\/wp-content\/uploads\/2023\/01\/IMG_7668-1024x683.jpeg 1024w, http:\/\/xn--feuerwehr-knigssee-n3b.de\/wp-content\/uploads\/2023\/01\/IMG_7668-300x200.jpeg 300w, http:\/\/xn--feuerwehr-knigssee-n3b.de\/wp-content\/uploads\/2023\/01\/IMG_7668-768x512.jpeg 768w, http:\/\/xn--feuerwehr-knigssee-n3b.de\/wp-content\/uploads\/2023\/01\/IMG_7668-1536x1024.jpeg 1536w, http:\/\/xn--feuerwehr-knigssee-n3b.de\/wp-content\/uploads\/2023\/01\/IMG_7668-2048x1365.jpeg 2048w\" sizes=\"auto, (max-width: 1024px) 100vw, 1024px\" \/><\/figure>\n\n\n\n<p>Funkrufnahme: <strong>Florian K\u00f6nigssee 48\/1<\/strong><br>Besatzung: 1\/8 <br>Ausr\u00fcstung:<br>&#8211; Vorbaupumpe, tragbare Pumpe (TS)<br>&#8211; 5 Atemschutzger\u00e4te<br>&#8211; Unfallset<br>&#8211; Hochdruckbel\u00fcfter<br>&#8211; Stromaggregat und Beleuchtung<br>&#8211; Kaminwerkzeug<br>&#8211; T\u00fcr\u00f6ffnungsset<\/p>\n\n\n\n<figure class=\"wp-block-gallery has-nested-images columns-default is-cropped wp-block-gallery-3 is-layout-flex wp-block-gallery-is-layout-flex\">\n<figure class=\"wp-block-image size-large\"><img loading=\"lazy\" decoding=\"async\" width=\"1024\" height=\"683\" data-id=\"633\" src=\"http:\/\/xn--feuerwehr-knigssee-n3b.de\/wp-content\/uploads\/2023\/01\/IMG_7660-1024x683.jpeg\" alt=\"\" class=\"wp-image-633\" srcset=\"http:\/\/xn--feuerwehr-knigssee-n3b.de\/wp-content\/uploads\/2023\/01\/IMG_7660-1024x683.jpeg 1024w, http:\/\/xn--feuerwehr-knigssee-n3b.de\/wp-content\/uploads\/2023\/01\/IMG_7660-300x200.jpeg 300w, http:\/\/xn--feuerwehr-knigssee-n3b.de\/wp-content\/uploads\/2023\/01\/IMG_7660-768x512.jpeg 768w, http:\/\/xn--feuerwehr-knigssee-n3b.de\/wp-content\/uploads\/2023\/01\/IMG_7660-1536x1024.jpeg 1536w, http:\/\/xn--feuerwehr-knigssee-n3b.de\/wp-content\/uploads\/2023\/01\/IMG_7660-2048x1365.jpeg 2048w\" sizes=\"auto, (max-width: 1024px) 100vw, 1024px\" \/><\/figure>\n\n\n\n<figure class=\"wp-block-image\"><img loading=\"lazy\" decoding=\"async\" width=\"1024\" height=\"768\" data-id=\"200\" src=\"http:\/\/xn--feuerwehr-knigssee-n3b.de\/wp-content\/uploads\/2019\/06\/P1020815-1024x768.jpg\" alt=\"\" class=\"wp-image-200\" srcset=\"http:\/\/xn--feuerwehr-knigssee-n3b.de\/wp-content\/uploads\/2019\/06\/P1020815-1024x768.jpg 1024w, http:\/\/xn--feuerwehr-knigssee-n3b.de\/wp-content\/uploads\/2019\/06\/P1020815-300x225.jpg 300w, http:\/\/xn--feuerwehr-knigssee-n3b.de\/wp-content\/uploads\/2019\/06\/P1020815-768x576.jpg 768w\" sizes=\"auto, (max-width: 1024px) 100vw, 1024px\" \/><\/figure>\n\n\n\n<figure class=\"wp-block-image\"><img loading=\"lazy\" decoding=\"async\" width=\"1024\" height=\"768\" data-id=\"201\" src=\"http:\/\/xn--feuerwehr-knigssee-n3b.de\/wp-content\/uploads\/2019\/06\/P1030740-1024x768.jpg\" alt=\"\" class=\"wp-image-201\" srcset=\"http:\/\/xn--feuerwehr-knigssee-n3b.de\/wp-content\/uploads\/2019\/06\/P1030740-1024x768.jpg 1024w, http:\/\/xn--feuerwehr-knigssee-n3b.de\/wp-content\/uploads\/2019\/06\/P1030740-300x225.jpg 300w, http:\/\/xn--feuerwehr-knigssee-n3b.de\/wp-content\/uploads\/2019\/06\/P1030740-768x576.jpg 768w\" sizes=\"auto, (max-width: 1024px) 100vw, 1024px\" \/><\/figure>\n<\/figure>\n\n\n\n<hr class=\"wp-block-separator has-css-opacity\"\/>\n","protected":false},"excerpt":{"rendered":"<p>Die freiwillige Feuerwehr K\u00f6nigssee unterh\u00e4lt derzeit drei Fahrzeuge f\u00fcr Ihre Sicherheit. Hier erhalten Sie einen kurzen \u00dcberblick \u00fcber die Feuerwehrfahrzeuge: Mannschaftstransportwagen MTW Funkrufnahme: Florian K\u00f6nigssee 14\/1 Besatzung: 1\/8 Ausr\u00fcstung: \u2013 Normbeladung als MZF \u2013 variabel beladbar mit Schnellladekisten (z.B. Hochwasser, Waldbrand, Baumsch\u00e4den, usw.) Hier die technischen Daten von VW: Fahrgestell: VW Transporter T6.1, 4 Motion, [&hellip;]<\/p>\n","protected":false},"author":1,"featured_media":0,"parent":0,"menu_order":0,"comment_status":"closed","ping_status":"closed","template":"","meta":{"_eb_attr":"","footnotes":""},"class_list":["post-23","page","type-page","status-publish","hentry"],"_links":{"self":[{"href":"http:\/\/xn--feuerwehr-knigssee-n3b.de\/index.php?rest_route=\/wp\/v2\/pages\/23","targetHints":{"allow":["GET"]}}],"collection":[{"href":"http:\/\/xn--feuerwehr-knigssee-n3b.de\/index.php?rest_route=\/wp\/v2\/pages"}],"about":[{"href":"http:\/\/xn--feuerwehr-knigssee-n3b.de\/index.php?rest_route=\/wp\/v2\/types\/page"}],"author":[{"embeddable":true,"href":"http:\/\/xn--feuerwehr-knigssee-n3b.de\/index.php?rest_route=\/wp\/v2\/users\/1"}],"replies":[{"embeddable":true,"href":"http:\/\/xn--feuerwehr-knigssee-n3b.de\/index.php?rest_route=%2Fwp%2Fv2%2Fcomments&post=23"}],"version-history":[{"count":8,"href":"http:\/\/xn--feuerwehr-knigssee-n3b.de\/index.php?rest_route=\/wp\/v2\/pages\/23\/revisions"}],"predecessor-version":[{"id":655,"href":"http:\/\/xn--feuerwehr-knigssee-n3b.de\/index.php?rest_route=\/wp\/v2\/pages\/23\/revisions\/655"}],"wp:attachment":[{"href":"http:\/\/xn--feuerwehr-knigssee-n3b.de\/index.php?rest_route=%2Fwp%2Fv2%2Fmedia&parent=23"}],"curies":[{"name":"wp","href":"https:\/\/api.w.org\/{rel}","templated":true}]}}