{"id":32,"date":"2019-06-24T07:30:44","date_gmt":"2019-06-24T07:30:44","guid":{"rendered":"http:\/\/xn--feuerwehr-knigssee-n3b.de\/?page_id=32"},"modified":"2025-06-15T19:42:43","modified_gmt":"2025-06-15T17:42:43","slug":"home","status":"publish","type":"page","link":"http:\/\/xn--feuerwehr-knigssee-n3b.de\/","title":{"rendered":"Home"},"content":{"rendered":"\n<figure class=\"wp-block-image\"><img loading=\"lazy\" decoding=\"async\" width=\"1024\" height=\"207\" src=\"http:\/\/xn--feuerwehr-knigssee-n3b.de\/wp-content\/uploads\/2019\/06\/K-rechts-1024x207.png\" alt=\"\" class=\"wp-image-127\" srcset=\"http:\/\/xn--feuerwehr-knigssee-n3b.de\/wp-content\/uploads\/2019\/06\/K-rechts-1024x207.png 1024w, http:\/\/xn--feuerwehr-knigssee-n3b.de\/wp-content\/uploads\/2019\/06\/K-rechts-300x61.png 300w, http:\/\/xn--feuerwehr-knigssee-n3b.de\/wp-content\/uploads\/2019\/06\/K-rechts-768x156.png 768w, http:\/\/xn--feuerwehr-knigssee-n3b.de\/wp-content\/uploads\/2019\/06\/K-rechts.png 1234w\" sizes=\"auto, (max-width: 1024px) 100vw, 1024px\" \/><\/figure>\n\n\n\n<p><strong>Herzlich Willkommen<\/strong><\/p>\n\n\n\n<p>Neben Einsatzberichten und aktuellen Meldungen finden Sie hier zahlreiche Informationen zur Geschichte, Organisation und Ausr\u00fcstung unserer Wehr. <br><\/p>\n\n\n\n<p class=\"has-text-align-center\"><strong><a href=\"http:\/\/xn--feuerwehr-knigssee-n3b.de\/?p=680\">Die ersten Infos zum Jubil\u00e4umsjahr 2026<\/a><\/strong><\/p>\n\n\n\n<p>Wir freuen uns \u00fcber Ihren Besuch und w\u00fcnschen Ihnen viel Spa\u00df beim Surfen !<\/p>\n\n\n\n<p>Ihre Freiwillige Feuerwehr K\u00f6nigssee<\/p>\n\n\n\n<hr class=\"wp-block-separator has-css-opacity\"\/>\n\n\n\n<figure class=\"wp-block-video\"><video height=\"1080\" style=\"aspect-ratio: 1920 \/ 1080;\" width=\"1920\" controls src=\"http:\/\/xn--feuerwehr-knigssee-n3b.de\/wp-content\/uploads\/2023\/01\/FFW-Koenigssee-Blaulicht-\u2013-Mit-Clipchamp-erstellt.mp4\"><\/video><\/figure>\n\n\n\n<form action=\"https:\/\/www.paypal.com\/cgi-bin\/webscr\" method=\"post\" target=\"_top\">\n<input type=\"hidden\" name=\"cmd\" value=\"_s-xclick\">\n<input type=\"hidden\" name=\"hosted_button_id\" value=\"S6TJ6XDVQ5CC6\">\n<input type=\"image\" src=\"https:\/\/www.paypalobjects.com\/de_DE\/DE\/i\/btn\/btn_donateCC_LG.gif\" border=\"0\" name=\"submit\" alt=\"Jetzt einfach, schnell und sicher online bezahlen \u2013 mit PayPal.\">\n<figure><img loading=\"lazy\" decoding=\"async\" alt=\"\" border=\"0\" src=\"https:\/\/www.paypalobjects.com\/de_DE\/i\/scr\/pixel.gif\" width=\"1\" height=\"1\"><\/figure>\n<\/form>\n\n\n\n<p class=\"has-luminous-vivid-orange-background-color has-background\"><strong>Spenden Sie hier dem<a href=\"http:\/\/xn--feuerwehr-knigssee-n3b.de\/?page_id=67\"> F\u00f6rderverein der FFW K\u00f6nigssee<\/a> &#8211; Achtung: Weiterleitung an PayPal!<\/strong><\/p>\n\n\n<div class=\"wp-block-image\">\n<figure class=\"aligncenter size-large\"><img loading=\"lazy\" decoding=\"async\" width=\"1024\" height=\"576\" src=\"http:\/\/xn--feuerwehr-knigssee-n3b.de\/wp-content\/uploads\/2023\/01\/DJI_0115-1024x576.jpg\" alt=\"\" class=\"wp-image-636\" srcset=\"http:\/\/xn--feuerwehr-knigssee-n3b.de\/wp-content\/uploads\/2023\/01\/DJI_0115-1024x576.jpg 1024w, http:\/\/xn--feuerwehr-knigssee-n3b.de\/wp-content\/uploads\/2023\/01\/DJI_0115-300x169.jpg 300w, http:\/\/xn--feuerwehr-knigssee-n3b.de\/wp-content\/uploads\/2023\/01\/DJI_0115-768x432.jpg 768w, http:\/\/xn--feuerwehr-knigssee-n3b.de\/wp-content\/uploads\/2023\/01\/DJI_0115-1536x864.jpg 1536w, http:\/\/xn--feuerwehr-knigssee-n3b.de\/wp-content\/uploads\/2023\/01\/DJI_0115-2048x1152.jpg 2048w\" sizes=\"auto, (max-width: 1024px) 100vw, 1024px\" \/><\/figure>\n<\/div>\n\n\n<hr class=\"wp-block-separator has-css-opacity\"\/>\n\n\n\n<div class=\"wp-block-button\"><a class=\"wp-block-button__link wp-element-button\" href=\"http:\/\/xn--feuerwehr-knigssee-n3b.de\/?page_id=2\">Datenschutzerkl\u00e4rung<\/a><\/div>\n\n\n\n<p>copyright: <a href=\"http:\/\/www.feuerwehr-koenigssee.de\">www.feuerwehr-koenigssee.de<\/a> \/ <a rel=\"noreferrer noopener\" aria-label=\"www.planegger.org (\u00f6ffnet in neuem Tab)\" href=\"http:\/\/www.planegger.org\" target=\"_blank\">www.planegger.org<\/a> 2019<\/p>\n\n\n\n<figure class=\"wp-block-image\"><img loading=\"lazy\" decoding=\"async\" width=\"1024\" height=\"207\" src=\"http:\/\/xn--feuerwehr-knigssee-n3b.de\/wp-content\/uploads\/2019\/06\/K-rechts-1024x207.png\" alt=\"\" class=\"wp-image-127\" srcset=\"http:\/\/xn--feuerwehr-knigssee-n3b.de\/wp-content\/uploads\/2019\/06\/K-rechts-1024x207.png 1024w, http:\/\/xn--feuerwehr-knigssee-n3b.de\/wp-content\/uploads\/2019\/06\/K-rechts-300x61.png 300w, http:\/\/xn--feuerwehr-knigssee-n3b.de\/wp-content\/uploads\/2019\/06\/K-rechts-768x156.png 768w, http:\/\/xn--feuerwehr-knigssee-n3b.de\/wp-content\/uploads\/2019\/06\/K-rechts.png 1234w\" sizes=\"auto, (max-width: 1024px) 100vw, 1024px\" \/><\/figure>\n","protected":false},"excerpt":{"rendered":"<p>Herzlich Willkommen Neben Einsatzberichten und aktuellen Meldungen finden Sie hier zahlreiche Informationen zur Geschichte, Organisation und Ausr\u00fcstung unserer Wehr. Die ersten Infos zum Jubil\u00e4umsjahr 2026 Wir freuen uns \u00fcber Ihren Besuch und w\u00fcnschen Ihnen viel Spa\u00df beim Surfen ! Ihre Freiwillige Feuerwehr K\u00f6nigssee Spenden Sie hier dem F\u00f6rderverein der FFW K\u00f6nigssee &#8211; Achtung: Weiterleitung an [&hellip;]<\/p>\n","protected":false},"author":1,"featured_media":0,"parent":0,"menu_order":0,"comment_status":"closed","ping_status":"closed","template":"","meta":{"_eb_attr":"","footnotes":""},"class_list":["post-32","page","type-page","status-publish","hentry"],"_links":{"self":[{"href":"http:\/\/xn--feuerwehr-knigssee-n3b.de\/index.php?rest_route=\/wp\/v2\/pages\/32","targetHints":{"allow":["GET"]}}],"collection":[{"href":"http:\/\/xn--feuerwehr-knigssee-n3b.de\/index.php?rest_route=\/wp\/v2\/pages"}],"about":[{"href":"http:\/\/xn--feuerwehr-knigssee-n3b.de\/index.php?rest_route=\/wp\/v2\/types\/page"}],"author":[{"embeddable":true,"href":"http:\/\/xn--feuerwehr-knigssee-n3b.de\/index.php?rest_route=\/wp\/v2\/users\/1"}],"replies":[{"embeddable":true,"href":"http:\/\/xn--feuerwehr-knigssee-n3b.de\/index.php?rest_route=%2Fwp%2Fv2%2Fcomments&post=32"}],"version-history":[{"count":26,"href":"http:\/\/xn--feuerwehr-knigssee-n3b.de\/index.php?rest_route=\/wp\/v2\/pages\/32\/revisions"}],"predecessor-version":[{"id":687,"href":"http:\/\/xn--feuerwehr-knigssee-n3b.de\/index.php?rest_route=\/wp\/v2\/pages\/32\/revisions\/687"}],"wp:attachment":[{"href":"http:\/\/xn--feuerwehr-knigssee-n3b.de\/index.php?rest_route=%2Fwp%2Fv2%2Fmedia&parent=32"}],"curies":[{"name":"wp","href":"https:\/\/api.w.org\/{rel}","templated":true}]}}