{"id":47,"date":"2019-06-24T07:46:36","date_gmt":"2019-06-24T07:46:36","guid":{"rendered":"http:\/\/xn--feuerwehr-knigssee-n3b.de\/?page_id=47"},"modified":"2019-06-27T18:51:05","modified_gmt":"2019-06-27T18:51:05","slug":"einsatzberichte","status":"publish","type":"page","link":"http:\/\/xn--feuerwehr-knigssee-n3b.de\/?page_id=47","title":{"rendered":"Einsatzberichte"},"content":{"rendered":"\n<figure class=\"wp-block-image\"><img loading=\"lazy\" decoding=\"async\" width=\"1024\" height=\"207\" src=\"http:\/\/xn--feuerwehr-knigssee-n3b.de\/wp-content\/uploads\/2019\/06\/K-rechts-1024x207.png\" alt=\"\" class=\"wp-image-127\" srcset=\"http:\/\/xn--feuerwehr-knigssee-n3b.de\/wp-content\/uploads\/2019\/06\/K-rechts-1024x207.png 1024w, http:\/\/xn--feuerwehr-knigssee-n3b.de\/wp-content\/uploads\/2019\/06\/K-rechts-300x61.png 300w, http:\/\/xn--feuerwehr-knigssee-n3b.de\/wp-content\/uploads\/2019\/06\/K-rechts-768x156.png 768w, http:\/\/xn--feuerwehr-knigssee-n3b.de\/wp-content\/uploads\/2019\/06\/K-rechts.png 1234w\" sizes=\"auto, (max-width: 1024px) 100vw, 1024px\" \/><\/figure>\n\n\n\n<p>Hier erhalten Sie einen \u00dcberblick \u00fcber die geleisteten Eins\u00e4tze der Feuerwehr K\u00f6nigssee.<\/p>\n\n\n\n<p><\/p>\n\n\n<ul class=\"wp-block-latest-posts__list wp-block-latest-posts\"><li><a class=\"wp-block-latest-posts__post-title\" href=\"http:\/\/xn--feuerwehr-knigssee-n3b.de\/?p=582\">06.06.2022: Gewitter vom Vorabend fordert die ehrenamtlichen Retter am Pfingstmontag &#8211; brennender Baum am Neiger<\/a><\/li>\n<li><a class=\"wp-block-latest-posts__post-title\" href=\"http:\/\/xn--feuerwehr-knigssee-n3b.de\/?p=570\">30.05.2022 &#8211; THL 1<\/a><\/li>\n<li><a class=\"wp-block-latest-posts__post-title\" href=\"http:\/\/xn--feuerwehr-knigssee-n3b.de\/?p=544\">13.12.2021: brennender W\u00e4schetrockner in Berchtesgaden<\/a><\/li>\n<li><a class=\"wp-block-latest-posts__post-title\" href=\"http:\/\/xn--feuerwehr-knigssee-n3b.de\/?p=539\">02.11.2021: THL 1 &#8211; Wasserrohrbruch<\/a><\/li>\n<li><a class=\"wp-block-latest-posts__post-title\" href=\"http:\/\/xn--feuerwehr-knigssee-n3b.de\/?p=536\">31.10.2021: B1 &#8211; Brand im Freien<\/a><\/li>\n<li><a class=\"wp-block-latest-posts__post-title\" href=\"http:\/\/xn--feuerwehr-knigssee-n3b.de\/?p=520\">24.07.2021: Erneutes Starkregen Ereignis<\/a><\/li>\n<li><a class=\"wp-block-latest-posts__post-title\" href=\"http:\/\/xn--feuerwehr-knigssee-n3b.de\/?p=490\">Tief Bernd beschert auch der Feuerwehr K\u00f6nigssee zahlreiche Eins\u00e4tze<\/a><\/li>\n<li><a class=\"wp-block-latest-posts__post-title\" href=\"http:\/\/xn--feuerwehr-knigssee-n3b.de\/?p=485\">09.07.2021: Baum \u00fcber Gehweg<\/a><\/li>\n<li><a class=\"wp-block-latest-posts__post-title\" href=\"http:\/\/xn--feuerwehr-knigssee-n3b.de\/?p=479\">12.05.2021: THL 1 &#8211; Stra\u00dfe reinigen<\/a><\/li>\n<li><a class=\"wp-block-latest-posts__post-title\" href=\"http:\/\/xn--feuerwehr-knigssee-n3b.de\/?p=477\">09.05.2021: BMZ Alarm<\/a><\/li>\n<li><a class=\"wp-block-latest-posts__post-title\" href=\"http:\/\/xn--feuerwehr-knigssee-n3b.de\/?p=473\">05.05.2021: Gasaustritt<\/a><\/li>\n<li><a class=\"wp-block-latest-posts__post-title\" href=\"http:\/\/xn--feuerwehr-knigssee-n3b.de\/?p=469\">18.04.2021: Thl 1 Stra\u00dfe reinigen<\/a><\/li>\n<li><a class=\"wp-block-latest-posts__post-title\" href=\"http:\/\/xn--feuerwehr-knigssee-n3b.de\/?p=466\">06.03.2021: THL 3 &#8211; Abgerutschtes Fahrzeug<\/a><\/li>\n<li><a class=\"wp-block-latest-posts__post-title\" href=\"http:\/\/xn--feuerwehr-knigssee-n3b.de\/?p=463\">29.12.2020: P Wohnung<\/a><\/li>\n<li><a class=\"wp-block-latest-posts__post-title\" href=\"http:\/\/xn--feuerwehr-knigssee-n3b.de\/?p=461\">27.12.2020: B1 unklare Rauchentwicklung<\/a><\/li>\n<li><a class=\"wp-block-latest-posts__post-title\" href=\"http:\/\/xn--feuerwehr-knigssee-n3b.de\/?p=456\">06.12.2020: THL 1 Baum auf Fahrbahn<\/a><\/li>\n<li><a class=\"wp-block-latest-posts__post-title\" href=\"http:\/\/xn--feuerwehr-knigssee-n3b.de\/?p=452\">19.11.2020: THL 2 &#8211; Auffahrunfall mit drei Pkw in Berchtesgaden<\/a><\/li>\n<li><a class=\"wp-block-latest-posts__post-title\" href=\"http:\/\/xn--feuerwehr-knigssee-n3b.de\/?p=438\">03.10.2020 &#8211; THL 1 B\u00e4ume auf Fahrbahn<\/a><\/li>\n<li><a class=\"wp-block-latest-posts__post-title\" href=\"http:\/\/xn--feuerwehr-knigssee-n3b.de\/?p=436\">26.09.2020: THL 1 &#8211; \u00d6lspur<\/a><\/li>\n<li><a class=\"wp-block-latest-posts__post-title\" href=\"http:\/\/xn--feuerwehr-knigssee-n3b.de\/?p=434\">22.09.2020: B3 &#8211; Rauchentwicklung im Geb\u00e4ude<\/a><\/li>\n<li><a class=\"wp-block-latest-posts__post-title\" href=\"http:\/\/xn--feuerwehr-knigssee-n3b.de\/?p=431\">19.09.2020: BMZ Alarm<\/a><\/li>\n<li><a class=\"wp-block-latest-posts__post-title\" href=\"http:\/\/xn--feuerwehr-knigssee-n3b.de\/?p=429\">13.09.2020: B2 &#8211; Autobrand<\/a><\/li>\n<li><a class=\"wp-block-latest-posts__post-title\" href=\"http:\/\/xn--feuerwehr-knigssee-n3b.de\/?p=426\">09.09.2020: BMZ Alarm<\/a><\/li>\n<li><a class=\"wp-block-latest-posts__post-title\" href=\"http:\/\/xn--feuerwehr-knigssee-n3b.de\/?p=419\">04.08.2020: Gro\u00dfschadenslage Unwetter<\/a><\/li>\n<li><a class=\"wp-block-latest-posts__post-title\" href=\"http:\/\/xn--feuerwehr-knigssee-n3b.de\/?p=417\">01.08.2020: Vermisster Schwimmer K\u00f6nigssee<\/a><\/li>\n<li><a class=\"wp-block-latest-posts__post-title\" href=\"http:\/\/xn--feuerwehr-knigssee-n3b.de\/?p=413\">28.07.2020 &#8211; Unwettereins\u00e4tze nach starkem Gewitter<\/a><\/li>\n<li><a class=\"wp-block-latest-posts__post-title\" href=\"http:\/\/xn--feuerwehr-knigssee-n3b.de\/?p=411\">04.07.2020: BMZ Alarm<\/a><\/li>\n<li><a class=\"wp-block-latest-posts__post-title\" href=\"http:\/\/xn--feuerwehr-knigssee-n3b.de\/?p=409\">02.07.2020: Defekte Batterie l\u00f6st Einsatz aus<\/a><\/li>\n<li><a class=\"wp-block-latest-posts__post-title\" href=\"http:\/\/xn--feuerwehr-knigssee-n3b.de\/?p=405\">14.05.2020: BMZ Alarm<\/a><\/li>\n<li><a class=\"wp-block-latest-posts__post-title\" href=\"http:\/\/xn--feuerwehr-knigssee-n3b.de\/?p=399\">22.04.2020: THL 3 &#8211; PKW kommt von Stra\u00dfe ab, st\u00fcrzt \u00fcber steiles Wiesengel\u00e4nde ab und schleudert gegen Baum<\/a><\/li>\n<li><a class=\"wp-block-latest-posts__post-title\" href=\"http:\/\/xn--feuerwehr-knigssee-n3b.de\/?p=391\">18.04.2020: B4 &#8211; Brand eines Anbaus in Berchtesgaden<\/a><\/li>\n<li><a class=\"wp-block-latest-posts__post-title\" href=\"http:\/\/xn--feuerwehr-knigssee-n3b.de\/?p=384\">05.04.2020: Gl\u00fcckliches Ende einer Vermisstensuche in Berchtesgaden<\/a><\/li>\n<li><a class=\"wp-block-latest-posts__post-title\" href=\"http:\/\/xn--feuerwehr-knigssee-n3b.de\/?p=375\">15.03.2020: THL 3 &#8211; PKW abgest\u00fcrzt<\/a><\/li>\n<li><a class=\"wp-block-latest-posts__post-title\" href=\"http:\/\/xn--feuerwehr-knigssee-n3b.de\/?p=373\">14.03.2020: ab sofort kein \u00dcbungsbetrieb mehr<\/a><\/li>\n<li><a class=\"wp-block-latest-posts__post-title\" href=\"http:\/\/xn--feuerwehr-knigssee-n3b.de\/?p=371\">14.03.2020: B1 &#8211; Brand im Freien<\/a><\/li>\n<li><a class=\"wp-block-latest-posts__post-title\" href=\"http:\/\/xn--feuerwehr-knigssee-n3b.de\/?p=358\">28.02.2020: THL 1 &#8211; Baum auf Fahrbahn<\/a><\/li>\n<li><a class=\"wp-block-latest-posts__post-title\" href=\"http:\/\/xn--feuerwehr-knigssee-n3b.de\/?p=352\">11.02.2020: Baum auf Fahrbahn<\/a><\/li>\n<li><a class=\"wp-block-latest-posts__post-title\" href=\"http:\/\/xn--feuerwehr-knigssee-n3b.de\/?p=350\">10.02.2020 &#8211; Baum auf Fahrbahn<\/a><\/li>\n<li><a class=\"wp-block-latest-posts__post-title\" href=\"http:\/\/xn--feuerwehr-knigssee-n3b.de\/?p=342\">02.02.2020: Gro\u00dfalarm f\u00fcr die Rettungskr\u00e4fte &#8211; Vermeintlicher Brand in einem Wirtshaus in Ramsau<\/a><\/li>\n<li><a class=\"wp-block-latest-posts__post-title\" href=\"http:\/\/xn--feuerwehr-knigssee-n3b.de\/?p=338\">15.01.2020 &#8211; BMA Alarm<\/a><\/li>\n<li><a class=\"wp-block-latest-posts__post-title\" href=\"http:\/\/xn--feuerwehr-knigssee-n3b.de\/?p=334\">01.01.2020 &#8211; Vollbrand eines M\u00fclltonnengeb\u00e4udes<\/a><\/li>\n<li><a class=\"wp-block-latest-posts__post-title\" href=\"http:\/\/xn--feuerwehr-knigssee-n3b.de\/?p=324\">22.12.2019 &#8211; Geb\u00e4udebrand Berchtesgaden<\/a><\/li>\n<li><a class=\"wp-block-latest-posts__post-title\" href=\"http:\/\/xn--feuerwehr-knigssee-n3b.de\/?p=321\">14.12.2019 &#8211; THL 1 Baum \u00fcber Fahrbahn<\/a><\/li>\n<li><a class=\"wp-block-latest-posts__post-title\" href=\"http:\/\/xn--feuerwehr-knigssee-n3b.de\/?p=318\">29.11.2019 &#8211; BMZ Alarm<\/a><\/li>\n<li><a class=\"wp-block-latest-posts__post-title\" href=\"http:\/\/xn--feuerwehr-knigssee-n3b.de\/?p=315\">17.11.2019 &#8211; THL 1 Baum auf Fahrbahn<\/a><\/li>\n<li><a class=\"wp-block-latest-posts__post-title\" href=\"http:\/\/xn--feuerwehr-knigssee-n3b.de\/?p=313\">17.11.2019 &#8211; BMZ Alarm<\/a><\/li>\n<li><a class=\"wp-block-latest-posts__post-title\" href=\"http:\/\/xn--feuerwehr-knigssee-n3b.de\/?p=305\">30.10.2019 &#8211; THL 1 &#8211; \u00d6lspur<\/a><\/li>\n<li><a class=\"wp-block-latest-posts__post-title\" href=\"http:\/\/xn--feuerwehr-knigssee-n3b.de\/?p=301\">29.10.2019 &#8211; THL 4 &#8211; schwerer Verkehrsunfall Ramsau<\/a><\/li>\n<li><a class=\"wp-block-latest-posts__post-title\" href=\"http:\/\/xn--feuerwehr-knigssee-n3b.de\/?p=293\">04.10.2019 &#8211; B4 &#8211; Gro\u00dfbrand CJD Schule Buchenh\u00f6he<\/a><\/li>\n<li><a class=\"wp-block-latest-posts__post-title\" href=\"http:\/\/xn--feuerwehr-knigssee-n3b.de\/?p=290\">01.10.2019 &#8211; Angebrannte Babyschnuller l\u00f6sen Gro\u00dfeinsatz aus<\/a><\/li>\n<\/ul>\n\n\n<figure class=\"wp-block-image\"><img loading=\"lazy\" decoding=\"async\" width=\"1024\" height=\"207\" src=\"http:\/\/xn--feuerwehr-knigssee-n3b.de\/wp-content\/uploads\/2019\/06\/K-rechts-1024x207.png\" alt=\"\" class=\"wp-image-127\" srcset=\"http:\/\/xn--feuerwehr-knigssee-n3b.de\/wp-content\/uploads\/2019\/06\/K-rechts-1024x207.png 1024w, http:\/\/xn--feuerwehr-knigssee-n3b.de\/wp-content\/uploads\/2019\/06\/K-rechts-300x61.png 300w, http:\/\/xn--feuerwehr-knigssee-n3b.de\/wp-content\/uploads\/2019\/06\/K-rechts-768x156.png 768w, http:\/\/xn--feuerwehr-knigssee-n3b.de\/wp-content\/uploads\/2019\/06\/K-rechts.png 1234w\" sizes=\"auto, (max-width: 1024px) 100vw, 1024px\" \/><\/figure>\n\n\n\n<div class=\"wp-block-image\"><figure class=\"aligncenter\"><a href=\"http:\/\/www.coolefreunde.bayern\/\" target=\"_blank\" rel=\"noreferrer noopener\"><img loading=\"lazy\" decoding=\"async\" width=\"562\" height=\"281\" src=\"http:\/\/xn--feuerwehr-knigssee-n3b.de\/wp-content\/uploads\/2019\/06\/35219.jpg\" alt=\"\" class=\"wp-image-76\" srcset=\"http:\/\/xn--feuerwehr-knigssee-n3b.de\/wp-content\/uploads\/2019\/06\/35219.jpg 562w, http:\/\/xn--feuerwehr-knigssee-n3b.de\/wp-content\/uploads\/2019\/06\/35219-300x150.jpg 300w\" sizes=\"auto, (max-width: 562px) 100vw, 562px\" \/><\/a><\/figure><\/div>\n","protected":false},"excerpt":{"rendered":"<p>Hier erhalten Sie einen \u00dcberblick \u00fcber die geleisteten Eins\u00e4tze der Feuerwehr K\u00f6nigssee.<\/p>\n","protected":false},"author":1,"featured_media":0,"parent":0,"menu_order":0,"comment_status":"closed","ping_status":"closed","template":"","meta":{"_eb_attr":"","footnotes":""},"class_list":["post-47","page","type-page","status-publish","hentry"],"_links":{"self":[{"href":"http:\/\/xn--feuerwehr-knigssee-n3b.de\/index.php?rest_route=\/wp\/v2\/pages\/47","targetHints":{"allow":["GET"]}}],"collection":[{"href":"http:\/\/xn--feuerwehr-knigssee-n3b.de\/index.php?rest_route=\/wp\/v2\/pages"}],"about":[{"href":"http:\/\/xn--feuerwehr-knigssee-n3b.de\/index.php?rest_route=\/wp\/v2\/types\/page"}],"author":[{"embeddable":true,"href":"http:\/\/xn--feuerwehr-knigssee-n3b.de\/index.php?rest_route=\/wp\/v2\/users\/1"}],"replies":[{"embeddable":true,"href":"http:\/\/xn--feuerwehr-knigssee-n3b.de\/index.php?rest_route=%2Fwp%2Fv2%2Fcomments&post=47"}],"version-history":[{"count":8,"href":"http:\/\/xn--feuerwehr-knigssee-n3b.de\/index.php?rest_route=\/wp\/v2\/pages\/47\/revisions"}],"predecessor-version":[{"id":154,"href":"http:\/\/xn--feuerwehr-knigssee-n3b.de\/index.php?rest_route=\/wp\/v2\/pages\/47\/revisions\/154"}],"wp:attachment":[{"href":"http:\/\/xn--feuerwehr-knigssee-n3b.de\/index.php?rest_route=%2Fwp%2Fv2%2Fmedia&parent=47"}],"curies":[{"name":"wp","href":"https:\/\/api.w.org\/{rel}","templated":true}]}}