{"id":54,"date":"2019-06-24T07:48:32","date_gmt":"2019-06-24T07:48:32","guid":{"rendered":"http:\/\/xn--feuerwehr-knigssee-n3b.de\/?page_id=54"},"modified":"2026-04-10T23:16:21","modified_gmt":"2026-04-10T21:16:21","slug":"musikkapelle","status":"publish","type":"page","link":"http:\/\/xn--feuerwehr-knigssee-n3b.de\/?page_id=54","title":{"rendered":"Musikkapelle"},"content":{"rendered":"\n<p><\/p>\n\n\n\n<p><strong>Unsere Musikkapelle<\/strong><\/p>\n\n\n\n<p>Die Musikkapelle der Feuerwehr K\u00f6nigssee besteht aus ca. 40 Mitgliedern, wovon&nbsp; die meisten auch aktiven Feuerwehrdienst leisten. Mit den kleinen Trommeln und Konzerttrommeln, den Piccolos, der Fanfare, der Marschtrommel, dem Becken, der Lyra, der Trompete, der Tuba und der Klarinette werden Auftritte bei Feuerwehrfesten im Landkreis sowie im benachbarten \u00d6sterreich bestritten sowie bei Jubil\u00e4en ortsans\u00e4ssiger Vereine und Veranstaltungen innerhalb der Gemeinde f\u00fcr musikalische Umrahmung gesorgt. Zu Erw\u00e4hnen sind jedoch auch Auftritte bei Musikfesten und Bundesmusikspielen sowie bei Gro\u00dfveranstaltungen wie Er\u00f6ffnungsfeiern und Empf\u00e4ngen. Diese Auftritte sind es, die die Musikkapelle nicht nur \u00fcber die Gemeindegrenzen sondern weit \u00fcber die Landkreis- und Landesgrenzen hinaus bekannt machen. Der Name der Feuerwehr K\u00f6nigssee und der Gemeinde Sch\u00f6nau am K\u00f6nigssee wird so einem weiten Publikum pr\u00e4sentiert.<\/p>\n\n\n<div class=\"wp-block-image\">\n<figure class=\"aligncenter\"><img loading=\"lazy\" decoding=\"async\" width=\"750\" height=\"500\" src=\"http:\/\/xn--feuerwehr-knigssee-n3b.de\/wp-content\/uploads\/2019\/06\/35779.jpg\" alt=\"\" class=\"wp-image-55\" srcset=\"http:\/\/xn--feuerwehr-knigssee-n3b.de\/wp-content\/uploads\/2019\/06\/35779.jpg 750w, http:\/\/xn--feuerwehr-knigssee-n3b.de\/wp-content\/uploads\/2019\/06\/35779-300x200.jpg 300w\" sizes=\"auto, (max-width: 750px) 100vw, 750px\" \/><\/figure>\n<\/div>\n\n<ul class=\"wp-block-latest-posts__list wp-block-latest-posts\"><li><a class=\"wp-block-latest-posts__post-title\" href=\"http:\/\/xn--feuerwehr-knigssee-n3b.de\/?p=756\">Besondere Termine im Jubil\u00e4umsjahr<\/a><\/li>\n<li><a class=\"wp-block-latest-posts__post-title\" href=\"http:\/\/xn--feuerwehr-knigssee-n3b.de\/?p=705\">Vorfreude auf das 4-fach-Jubil\u00e4umsfest 2026: Ticketvorverkauf startet!<\/a><\/li>\n<li><a class=\"wp-block-latest-posts__post-title\" href=\"http:\/\/xn--feuerwehr-knigssee-n3b.de\/?p=680\">Auf zum Jubil\u00e4um 2026!!!Safe the Date!<\/a><\/li>\n<li><a class=\"wp-block-latest-posts__post-title\" href=\"http:\/\/xn--feuerwehr-knigssee-n3b.de\/?p=565\">08.05.2022: Toller Bericht \u00fcber unser neues FFW Haus<\/a><\/li>\n<li><a class=\"wp-block-latest-posts__post-title\" href=\"http:\/\/xn--feuerwehr-knigssee-n3b.de\/?p=525\">Bericht Jahreshauptversammlung<\/a><\/li>\n<li><a class=\"wp-block-latest-posts__post-title\" href=\"http:\/\/xn--feuerwehr-knigssee-n3b.de\/?p=449\">Termin: \u00d6kumenischer Gottesdienst der Feuerwehren Oberbayern<\/a><\/li>\n<li><a class=\"wp-block-latest-posts__post-title\" href=\"http:\/\/xn--feuerwehr-knigssee-n3b.de\/?p=380\">06.03.2020: Jahreshauptversammlung der FFW K\u00f6nigssee<\/a><\/li>\n<li><a class=\"wp-block-latest-posts__post-title\" href=\"http:\/\/xn--feuerwehr-knigssee-n3b.de\/?p=373\">14.03.2020: ab sofort kein \u00dcbungsbetrieb mehr<\/a><\/li>\n<li><a class=\"wp-block-latest-posts__post-title\" href=\"http:\/\/xn--feuerwehr-knigssee-n3b.de\/?p=307\">27.10.2019 &#8211; Musikkapelle gestaltet Almbauernjahrtag<\/a><\/li>\n<li><a class=\"wp-block-latest-posts__post-title\" href=\"http:\/\/xn--feuerwehr-knigssee-n3b.de\/?p=263\">Terminank\u00fcndigung &#8211; Bergmesse<\/a><\/li>\n<\/ul>\n\n\n<figure class=\"wp-block-image size-large\"><img loading=\"lazy\" decoding=\"async\" width=\"1024\" height=\"683\" src=\"http:\/\/xn--feuerwehr-knigssee-n3b.de\/wp-content\/uploads\/2026\/04\/Musikalische-Leitung_Musikkapelle-Trommlerzug-1024x683.jpg\" alt=\"\" class=\"wp-image-779\" srcset=\"http:\/\/xn--feuerwehr-knigssee-n3b.de\/wp-content\/uploads\/2026\/04\/Musikalische-Leitung_Musikkapelle-Trommlerzug-1024x683.jpg 1024w, http:\/\/xn--feuerwehr-knigssee-n3b.de\/wp-content\/uploads\/2026\/04\/Musikalische-Leitung_Musikkapelle-Trommlerzug-300x200.jpg 300w, http:\/\/xn--feuerwehr-knigssee-n3b.de\/wp-content\/uploads\/2026\/04\/Musikalische-Leitung_Musikkapelle-Trommlerzug-768x512.jpg 768w, http:\/\/xn--feuerwehr-knigssee-n3b.de\/wp-content\/uploads\/2026\/04\/Musikalische-Leitung_Musikkapelle-Trommlerzug-1536x1024.jpg 1536w, http:\/\/xn--feuerwehr-knigssee-n3b.de\/wp-content\/uploads\/2026\/04\/Musikalische-Leitung_Musikkapelle-Trommlerzug-2048x1365.jpg 2048w\" sizes=\"auto, (max-width: 1024px) 100vw, 1024px\" \/><\/figure>\n\n\n\n<p class=\"has-text-align-center\">Die musikalische Leitung der Musikkapelle der FFW K\u00f6nigssee<\/p>\n","protected":false},"excerpt":{"rendered":"<p>Unsere Musikkapelle Die Musikkapelle der Feuerwehr K\u00f6nigssee besteht aus ca. 40 Mitgliedern, wovon&nbsp; die meisten auch aktiven Feuerwehrdienst leisten. Mit den kleinen Trommeln und Konzerttrommeln, den Piccolos, der Fanfare, der Marschtrommel, dem Becken, der Lyra, der Trompete, der Tuba und der Klarinette werden Auftritte bei Feuerwehrfesten im Landkreis sowie im benachbarten \u00d6sterreich bestritten sowie bei [&hellip;]<\/p>\n","protected":false},"author":1,"featured_media":0,"parent":0,"menu_order":0,"comment_status":"closed","ping_status":"closed","template":"","meta":{"_eb_attr":"","footnotes":""},"class_list":["post-54","page","type-page","status-publish","hentry"],"_links":{"self":[{"href":"http:\/\/xn--feuerwehr-knigssee-n3b.de\/index.php?rest_route=\/wp\/v2\/pages\/54","targetHints":{"allow":["GET"]}}],"collection":[{"href":"http:\/\/xn--feuerwehr-knigssee-n3b.de\/index.php?rest_route=\/wp\/v2\/pages"}],"about":[{"href":"http:\/\/xn--feuerwehr-knigssee-n3b.de\/index.php?rest_route=\/wp\/v2\/types\/page"}],"author":[{"embeddable":true,"href":"http:\/\/xn--feuerwehr-knigssee-n3b.de\/index.php?rest_route=\/wp\/v2\/users\/1"}],"replies":[{"embeddable":true,"href":"http:\/\/xn--feuerwehr-knigssee-n3b.de\/index.php?rest_route=%2Fwp%2Fv2%2Fcomments&post=54"}],"version-history":[{"count":6,"href":"http:\/\/xn--feuerwehr-knigssee-n3b.de\/index.php?rest_route=\/wp\/v2\/pages\/54\/revisions"}],"predecessor-version":[{"id":803,"href":"http:\/\/xn--feuerwehr-knigssee-n3b.de\/index.php?rest_route=\/wp\/v2\/pages\/54\/revisions\/803"}],"wp:attachment":[{"href":"http:\/\/xn--feuerwehr-knigssee-n3b.de\/index.php?rest_route=%2Fwp%2Fv2%2Fmedia&parent=54"}],"curies":[{"name":"wp","href":"https:\/\/api.w.org\/{rel}","templated":true}]}}