{"id":588,"date":"2023-01-14T22:50:11","date_gmt":"2023-01-14T20:50:11","guid":{"rendered":"http:\/\/xn--feuerwehr-knigssee-n3b.de\/?page_id=588"},"modified":"2023-01-31T00:02:12","modified_gmt":"2023-01-30T22:02:12","slug":"immer-up-to-date","status":"publish","type":"page","link":"http:\/\/xn--feuerwehr-knigssee-n3b.de\/?page_id=588","title":{"rendered":"Immer &#8222;Up to date&#8220;"},"content":{"rendered":"\n<p>Um einen tiefen Blick in unser Vereinsleben zu erm\u00f6glichen, gibt es die M\u00f6glichkeit \u00fcber die &#8222;sozialen Medien&#8220; mit uns in Kontakt zu treten.<\/p>\n\n\n\n<div class=\"wp-block-buttons is-content-justification-center is-layout-flex wp-container-core-buttons-is-layout-a89b3969 wp-block-buttons-is-layout-flex\">\n<div class=\"wp-block-button\"><a class=\"wp-block-button__link wp-element-button\" href=\"https:\/\/www.facebook.com\/feuerwehr.koenigssee\/\" target=\"_blank\" rel=\"noreferrer noopener\">Link zu Facebook<\/a><\/div>\n<\/div>\n\n\n<div class=\"wp-block-image is-style-default\">\n<figure class=\"aligncenter size-medium is-resized\"><img loading=\"lazy\" decoding=\"async\" src=\"http:\/\/xn--feuerwehr-knigssee-n3b.de\/wp-content\/uploads\/2020\/08\/12F45C27-6E7C-48DF-BFD3-3D7E4E55E32A-300x225.jpeg\" alt=\"\" class=\"wp-image-421\" width=\"300\" height=\"225\" srcset=\"http:\/\/xn--feuerwehr-knigssee-n3b.de\/wp-content\/uploads\/2020\/08\/12F45C27-6E7C-48DF-BFD3-3D7E4E55E32A-300x225.jpeg 300w, http:\/\/xn--feuerwehr-knigssee-n3b.de\/wp-content\/uploads\/2020\/08\/12F45C27-6E7C-48DF-BFD3-3D7E4E55E32A-1024x768.jpeg 1024w, http:\/\/xn--feuerwehr-knigssee-n3b.de\/wp-content\/uploads\/2020\/08\/12F45C27-6E7C-48DF-BFD3-3D7E4E55E32A-768x576.jpeg 768w, http:\/\/xn--feuerwehr-knigssee-n3b.de\/wp-content\/uploads\/2020\/08\/12F45C27-6E7C-48DF-BFD3-3D7E4E55E32A-1536x1153.jpeg 1536w, http:\/\/xn--feuerwehr-knigssee-n3b.de\/wp-content\/uploads\/2020\/08\/12F45C27-6E7C-48DF-BFD3-3D7E4E55E32A.jpeg 1599w\" sizes=\"auto, (max-width: 300px) 100vw, 300px\" \/><\/figure>\n<\/div>\n\n\n<p>Unsere &#8222;3 Abteilungen&#8220; &#8211; der Verein, die Wehr und die Musikkapelle posten hier immer aktuelle Nachrichten.<\/p>\n\n\n\n<div id=\"fb-root\"><\/div>\n<script async=\"\" defer=\"\" crossorigin=\"anonymous\" src=\"https:\/\/connect.facebook.net\/de_DE\/sdk.js#xfbml=1&amp;version=v15.0&amp;appId=146168448800165&amp;autoLogAppEvents=1\" nonce=\"tdhM1QIW\"><\/script>\n<div class=\"fb-page\" data-href=\"https:\/\/www.facebook.com\/feuerwehrkoenigssee\" data-tabs=\"timeline\" data-width=\"\" data-height=\"\" data-small-header=\"false\" data-adapt-container-width=\"true\" data-hide-cover=\"false\" data-show-facepile=\"true\"><blockquote cite=\"https:\/\/www.facebook.com\/feuerwehrkoenigssee\" class=\"fb-xfbml-parse-ignore\"><a href=\"https:\/\/www.facebook.com\/feuerwehrkoenigssee\">Freiwillige Feuerwehr K\u00f6nigssee e.V.<\/a><\/blockquote><\/div>\n\n\n\n<div class=\"wp-block-buttons is-content-justification-center is-layout-flex wp-container-core-buttons-is-layout-a89b3969 wp-block-buttons-is-layout-flex\">\n<div class=\"wp-block-button\"><a class=\"wp-block-button__link wp-element-button\" href=\"https:\/\/www.facebook.com\/feuerwehr.koenigssee\/\" target=\"_blank\" rel=\"noreferrer noopener\">Link zu Facebook<\/a><\/div>\n<\/div>\n\n\n\n<p>Nachdem dies ein externer Link zu Facebook ist, finden Sie hier die rechtlichen Hinweise zu Facebook:<\/p>\n\n\n\n<p><a href=\"https:\/\/www.facebook.com\/legal\/terms?ref=pf\" target=\"_blank\" rel=\"noreferrer noopener\">LINK<\/a><\/p>\n\n\n\n<figure class=\"wp-block-gallery aligncenter has-nested-images columns-default is-cropped has-cyan-bluish-gray-background-color has-background wp-block-gallery-1 is-layout-flex wp-block-gallery-is-layout-flex\">\n<figure class=\"wp-block-image size-medium\"><img loading=\"lazy\" decoding=\"async\" width=\"300\" height=\"212\" data-id=\"553\" src=\"http:\/\/xn--feuerwehr-knigssee-n3b.de\/wp-content\/uploads\/2022\/04\/C2297055-B648-4AD2-BEE3-9BE5CB3C938B-300x212.png\" alt=\"\" class=\"wp-image-553\" srcset=\"http:\/\/xn--feuerwehr-knigssee-n3b.de\/wp-content\/uploads\/2022\/04\/C2297055-B648-4AD2-BEE3-9BE5CB3C938B-300x212.png 300w, http:\/\/xn--feuerwehr-knigssee-n3b.de\/wp-content\/uploads\/2022\/04\/C2297055-B648-4AD2-BEE3-9BE5CB3C938B-1024x724.png 1024w, http:\/\/xn--feuerwehr-knigssee-n3b.de\/wp-content\/uploads\/2022\/04\/C2297055-B648-4AD2-BEE3-9BE5CB3C938B-768x543.png 768w, http:\/\/xn--feuerwehr-knigssee-n3b.de\/wp-content\/uploads\/2022\/04\/C2297055-B648-4AD2-BEE3-9BE5CB3C938B-1536x1086.png 1536w, http:\/\/xn--feuerwehr-knigssee-n3b.de\/wp-content\/uploads\/2022\/04\/C2297055-B648-4AD2-BEE3-9BE5CB3C938B.png 2000w\" sizes=\"auto, (max-width: 300px) 100vw, 300px\" \/><\/figure>\n\n\n\n<figure class=\"wp-block-image size-medium is-style-default\"><img loading=\"lazy\" decoding=\"async\" width=\"300\" height=\"156\" data-id=\"527\" src=\"http:\/\/xn--feuerwehr-knigssee-n3b.de\/wp-content\/uploads\/2021\/10\/9AE96030-4059-46B6-8C34-3E0580C2D6BE-300x156.jpeg\" alt=\"\" class=\"wp-image-527\" srcset=\"http:\/\/xn--feuerwehr-knigssee-n3b.de\/wp-content\/uploads\/2021\/10\/9AE96030-4059-46B6-8C34-3E0580C2D6BE-300x156.jpeg 300w, http:\/\/xn--feuerwehr-knigssee-n3b.de\/wp-content\/uploads\/2021\/10\/9AE96030-4059-46B6-8C34-3E0580C2D6BE-1024x533.jpeg 1024w, http:\/\/xn--feuerwehr-knigssee-n3b.de\/wp-content\/uploads\/2021\/10\/9AE96030-4059-46B6-8C34-3E0580C2D6BE-768x400.jpeg 768w, http:\/\/xn--feuerwehr-knigssee-n3b.de\/wp-content\/uploads\/2021\/10\/9AE96030-4059-46B6-8C34-3E0580C2D6BE-1536x800.jpeg 1536w, http:\/\/xn--feuerwehr-knigssee-n3b.de\/wp-content\/uploads\/2021\/10\/9AE96030-4059-46B6-8C34-3E0580C2D6BE-2048x1067.jpeg 2048w\" sizes=\"auto, (max-width: 300px) 100vw, 300px\" \/><\/figure>\n\n\n\n<figure class=\"wp-block-image size-medium\"><img loading=\"lazy\" decoding=\"async\" width=\"300\" height=\"200\" data-id=\"356\" src=\"http:\/\/xn--feuerwehr-knigssee-n3b.de\/wp-content\/uploads\/2020\/02\/3E7696DC-451D-444E-81E9-310655891299-300x200.jpeg\" alt=\"\" class=\"wp-image-356\" srcset=\"http:\/\/xn--feuerwehr-knigssee-n3b.de\/wp-content\/uploads\/2020\/02\/3E7696DC-451D-444E-81E9-310655891299-300x200.jpeg 300w, http:\/\/xn--feuerwehr-knigssee-n3b.de\/wp-content\/uploads\/2020\/02\/3E7696DC-451D-444E-81E9-310655891299-768x512.jpeg 768w, http:\/\/xn--feuerwehr-knigssee-n3b.de\/wp-content\/uploads\/2020\/02\/3E7696DC-451D-444E-81E9-310655891299.jpeg 1000w\" sizes=\"auto, (max-width: 300px) 100vw, 300px\" \/><\/figure>\n\n\n\n<figure class=\"wp-block-image size-medium\"><img loading=\"lazy\" decoding=\"async\" width=\"300\" height=\"225\" data-id=\"308\" src=\"http:\/\/xn--feuerwehr-knigssee-n3b.de\/wp-content\/uploads\/2019\/11\/5E34C426-EEC3-4504-B62B-7213518E47E8-300x225.jpeg\" alt=\"\" class=\"wp-image-308\" srcset=\"http:\/\/xn--feuerwehr-knigssee-n3b.de\/wp-content\/uploads\/2019\/11\/5E34C426-EEC3-4504-B62B-7213518E47E8-300x225.jpeg 300w, http:\/\/xn--feuerwehr-knigssee-n3b.de\/wp-content\/uploads\/2019\/11\/5E34C426-EEC3-4504-B62B-7213518E47E8-768x576.jpeg 768w, http:\/\/xn--feuerwehr-knigssee-n3b.de\/wp-content\/uploads\/2019\/11\/5E34C426-EEC3-4504-B62B-7213518E47E8.jpeg 1024w\" sizes=\"auto, (max-width: 300px) 100vw, 300px\" \/><\/figure>\n\n\n\n<figure class=\"wp-block-image size-medium\"><img loading=\"lazy\" decoding=\"async\" width=\"300\" height=\"179\" data-id=\"105\" src=\"http:\/\/xn--feuerwehr-knigssee-n3b.de\/wp-content\/uploads\/2019\/06\/lm-300x179.jpg\" alt=\"\" class=\"wp-image-105\" srcset=\"http:\/\/xn--feuerwehr-knigssee-n3b.de\/wp-content\/uploads\/2019\/06\/lm-300x179.jpg 300w, http:\/\/xn--feuerwehr-knigssee-n3b.de\/wp-content\/uploads\/2019\/06\/lm.jpg 701w\" sizes=\"auto, (max-width: 300px) 100vw, 300px\" \/><\/figure>\n\n\n\n<figure class=\"wp-block-image size-medium\"><img loading=\"lazy\" decoding=\"async\" width=\"300\" height=\"200\" data-id=\"165\" src=\"http:\/\/xn--feuerwehr-knigssee-n3b.de\/wp-content\/uploads\/2019\/06\/Berufsfeuerwehrtag-2018-Fotos-074-300x200.jpg\" alt=\"\" class=\"wp-image-165\" srcset=\"http:\/\/xn--feuerwehr-knigssee-n3b.de\/wp-content\/uploads\/2019\/06\/Berufsfeuerwehrtag-2018-Fotos-074-300x200.jpg 300w, http:\/\/xn--feuerwehr-knigssee-n3b.de\/wp-content\/uploads\/2019\/06\/Berufsfeuerwehrtag-2018-Fotos-074-768x512.jpg 768w, http:\/\/xn--feuerwehr-knigssee-n3b.de\/wp-content\/uploads\/2019\/06\/Berufsfeuerwehrtag-2018-Fotos-074-1024x683.jpg 1024w\" sizes=\"auto, (max-width: 300px) 100vw, 300px\" \/><\/figure>\n<\/figure>\n\n\n\n<div class=\"wp-block-buttons is-content-justification-center is-layout-flex wp-container-core-buttons-is-layout-a89b3969 wp-block-buttons-is-layout-flex\">\n<div class=\"wp-block-button\"><a class=\"wp-block-button__link wp-element-button\" href=\"https:\/\/www.facebook.com\/feuerwehr.koenigssee\/\" target=\"_blank\" rel=\"noreferrer noopener\">Link zu Facebook<\/a><\/div>\n<\/div>\n","protected":false},"excerpt":{"rendered":"<p>Um einen tiefen Blick in unser Vereinsleben zu erm\u00f6glichen, gibt es die M\u00f6glichkeit \u00fcber die &#8222;sozialen Medien&#8220; mit uns in Kontakt zu treten. Unsere &#8222;3 Abteilungen&#8220; &#8211; der Verein, die Wehr und die Musikkapelle posten hier immer aktuelle Nachrichten. Freiwillige Feuerwehr K\u00f6nigssee e.V. Nachdem dies ein externer Link zu Facebook ist, finden Sie hier die [&hellip;]<\/p>\n","protected":false},"author":1,"featured_media":0,"parent":0,"menu_order":0,"comment_status":"closed","ping_status":"closed","template":"","meta":{"_eb_attr":"","footnotes":""},"class_list":["post-588","page","type-page","status-publish","hentry"],"_links":{"self":[{"href":"http:\/\/xn--feuerwehr-knigssee-n3b.de\/index.php?rest_route=\/wp\/v2\/pages\/588","targetHints":{"allow":["GET"]}}],"collection":[{"href":"http:\/\/xn--feuerwehr-knigssee-n3b.de\/index.php?rest_route=\/wp\/v2\/pages"}],"about":[{"href":"http:\/\/xn--feuerwehr-knigssee-n3b.de\/index.php?rest_route=\/wp\/v2\/types\/page"}],"author":[{"embeddable":true,"href":"http:\/\/xn--feuerwehr-knigssee-n3b.de\/index.php?rest_route=\/wp\/v2\/users\/1"}],"replies":[{"embeddable":true,"href":"http:\/\/xn--feuerwehr-knigssee-n3b.de\/index.php?rest_route=%2Fwp%2Fv2%2Fcomments&post=588"}],"version-history":[{"count":21,"href":"http:\/\/xn--feuerwehr-knigssee-n3b.de\/index.php?rest_route=\/wp\/v2\/pages\/588\/revisions"}],"predecessor-version":[{"id":663,"href":"http:\/\/xn--feuerwehr-knigssee-n3b.de\/index.php?rest_route=\/wp\/v2\/pages\/588\/revisions\/663"}],"wp:attachment":[{"href":"http:\/\/xn--feuerwehr-knigssee-n3b.de\/index.php?rest_route=%2Fwp%2Fv2%2Fmedia&parent=588"}],"curies":[{"name":"wp","href":"https:\/\/api.w.org\/{rel}","templated":true}]}}