{"id":61,"date":"2019-06-24T08:01:02","date_gmt":"2019-06-24T08:01:02","guid":{"rendered":"http:\/\/xn--feuerwehr-knigssee-n3b.de\/?page_id=61"},"modified":"2026-04-10T23:17:00","modified_gmt":"2026-04-10T21:17:00","slug":"kontakt","status":"publish","type":"page","link":"http:\/\/xn--feuerwehr-knigssee-n3b.de\/?page_id=61","title":{"rendered":"Kontakt"},"content":{"rendered":"\n<figure class=\"wp-block-image\"><img loading=\"lazy\" decoding=\"async\" width=\"1024\" height=\"207\" src=\"http:\/\/xn--feuerwehr-knigssee-n3b.de\/wp-content\/uploads\/2019\/06\/K-rechts-1024x207.png\" alt=\"\" class=\"wp-image-127\" srcset=\"http:\/\/xn--feuerwehr-knigssee-n3b.de\/wp-content\/uploads\/2019\/06\/K-rechts-1024x207.png 1024w, http:\/\/xn--feuerwehr-knigssee-n3b.de\/wp-content\/uploads\/2019\/06\/K-rechts-300x61.png 300w, http:\/\/xn--feuerwehr-knigssee-n3b.de\/wp-content\/uploads\/2019\/06\/K-rechts-768x156.png 768w, http:\/\/xn--feuerwehr-knigssee-n3b.de\/wp-content\/uploads\/2019\/06\/K-rechts.png 1234w\" sizes=\"auto, (max-width: 1024px) 100vw, 1024px\" \/><\/figure>\n\n\n\n<p class=\"has-medium-font-size\"><strong>Kommandanten<\/strong><\/p>\n\n\n\n<figure class=\"wp-block-image size-large is-resized\"><img loading=\"lazy\" decoding=\"async\" width=\"1024\" height=\"683\" src=\"http:\/\/xn--feuerwehr-knigssee-n3b.de\/wp-content\/uploads\/2026\/04\/Christian-Schoner_1.-Kdt-1-1024x683.jpg\" alt=\"\" class=\"wp-image-785\" style=\"aspect-ratio:1.4992888417882142;width:244px;height:auto\" srcset=\"http:\/\/xn--feuerwehr-knigssee-n3b.de\/wp-content\/uploads\/2026\/04\/Christian-Schoner_1.-Kdt-1-1024x683.jpg 1024w, http:\/\/xn--feuerwehr-knigssee-n3b.de\/wp-content\/uploads\/2026\/04\/Christian-Schoner_1.-Kdt-1-300x200.jpg 300w, http:\/\/xn--feuerwehr-knigssee-n3b.de\/wp-content\/uploads\/2026\/04\/Christian-Schoner_1.-Kdt-1-768x512.jpg 768w, http:\/\/xn--feuerwehr-knigssee-n3b.de\/wp-content\/uploads\/2026\/04\/Christian-Schoner_1.-Kdt-1-1536x1024.jpg 1536w, http:\/\/xn--feuerwehr-knigssee-n3b.de\/wp-content\/uploads\/2026\/04\/Christian-Schoner_1.-Kdt-1-2048x1365.jpg 2048w\" sizes=\"auto, (max-width: 1024px) 100vw, 1024px\" \/><\/figure>\n\n\n\n<figure class=\"wp-block-table\"><table><tbody><tr><td><a href=\"http:\/\/xn--feuerwehr-knigssee-n3b.de\/wp-content\/uploads\/2026\/04\/Christian-Schoner_1.-Kdt-scaled.jpg\"><\/a><\/td><td><strong>Christian Schoner<\/strong><\/td><\/tr><tr><td>1. Kommandant<\/td><td>Richard-Vo\u00df-Str. 94<br>83471 Sch\u00f6nau am <br>K\u00f6nigssee<\/td><\/tr><tr><td>email<\/td><td><a href=\"mailto: kommandant@feuerwehr-koenigssee.de\">kommandant@feuerwehr-koenigssee.de<\/a><\/td><\/tr><\/tbody><\/table><\/figure>\n\n\n\n<figure class=\"wp-block-image size-large is-resized\"><img loading=\"lazy\" decoding=\"async\" width=\"1024\" height=\"683\" src=\"http:\/\/xn--feuerwehr-knigssee-n3b.de\/wp-content\/uploads\/2026\/04\/Sebastian-Punz_2.-Kdt-1-1024x683.jpg\" alt=\"\" class=\"wp-image-789\" style=\"width:246px;height:auto\" srcset=\"http:\/\/xn--feuerwehr-knigssee-n3b.de\/wp-content\/uploads\/2026\/04\/Sebastian-Punz_2.-Kdt-1-1024x683.jpg 1024w, http:\/\/xn--feuerwehr-knigssee-n3b.de\/wp-content\/uploads\/2026\/04\/Sebastian-Punz_2.-Kdt-1-300x200.jpg 300w, http:\/\/xn--feuerwehr-knigssee-n3b.de\/wp-content\/uploads\/2026\/04\/Sebastian-Punz_2.-Kdt-1-768x512.jpg 768w, http:\/\/xn--feuerwehr-knigssee-n3b.de\/wp-content\/uploads\/2026\/04\/Sebastian-Punz_2.-Kdt-1-1536x1024.jpg 1536w, http:\/\/xn--feuerwehr-knigssee-n3b.de\/wp-content\/uploads\/2026\/04\/Sebastian-Punz_2.-Kdt-1-2048x1365.jpg 2048w\" sizes=\"auto, (max-width: 1024px) 100vw, 1024px\" \/><\/figure>\n\n\n\n<figure class=\"wp-block-table\"><table><tbody><tr><td><strong>Sebastian Punz<\/strong><\/td><td>wird erg\u00e4nzt<\/td><\/tr><tr><td>Vorderbrandstra\u00dfe 36<br>83471 Sch\u00f6nau am K\u00f6nigssee<\/td><td>2. Kommandant<\/td><\/tr><tr><td> <a href=\"mailto: 2.kommandant@feuerwehr-koenigssee.de\">2.kommandant@feuerwehr-koenigssee.de<\/a><\/td><td>email<\/td><\/tr><\/tbody><\/table><\/figure>\n\n\n\n<hr class=\"wp-block-separator has-css-opacity\"\/>\n\n\n\n<p class=\"has-medium-font-size\"><strong>Vorstandschaft<\/strong><\/p>\n\n\n\n<figure class=\"wp-block-image size-large is-resized\"><img loading=\"lazy\" decoding=\"async\" width=\"1024\" height=\"683\" src=\"http:\/\/xn--feuerwehr-knigssee-n3b.de\/wp-content\/uploads\/2026\/04\/Franz-Grassl_1.-Vorstand-1-1024x683.jpg\" alt=\"\" class=\"wp-image-790\" style=\"aspect-ratio:1.5;width:247px;height:auto\" srcset=\"http:\/\/xn--feuerwehr-knigssee-n3b.de\/wp-content\/uploads\/2026\/04\/Franz-Grassl_1.-Vorstand-1-1024x683.jpg 1024w, http:\/\/xn--feuerwehr-knigssee-n3b.de\/wp-content\/uploads\/2026\/04\/Franz-Grassl_1.-Vorstand-1-300x200.jpg 300w, http:\/\/xn--feuerwehr-knigssee-n3b.de\/wp-content\/uploads\/2026\/04\/Franz-Grassl_1.-Vorstand-1-768x512.jpg 768w, http:\/\/xn--feuerwehr-knigssee-n3b.de\/wp-content\/uploads\/2026\/04\/Franz-Grassl_1.-Vorstand-1-1536x1024.jpg 1536w, http:\/\/xn--feuerwehr-knigssee-n3b.de\/wp-content\/uploads\/2026\/04\/Franz-Grassl_1.-Vorstand-1-2048x1365.jpg 2048w\" sizes=\"auto, (max-width: 1024px) 100vw, 1024px\" \/><\/figure>\n\n\n\n<figure class=\"wp-block-table\"><table><tbody><tr><td><\/td><td><strong> Franz Gra\u00dfl <\/strong><\/td><\/tr><tr><td>1. Vorstand<\/td><td>Richard-Vo\u00df-Stra\u00dfe 67<br>83471 Sch\u00f6nau am K\u00f6nigssee<\/td><\/tr><tr><td>email<\/td><td><a href=\"mailto: vorstand@feuerwehr-koenigssee.de\">vorstand@feuerwehr-koenigssee.de<\/a><\/td><\/tr><\/tbody><\/table><\/figure>\n\n\n\n<figure class=\"wp-block-image size-large is-resized\"><img loading=\"lazy\" decoding=\"async\" width=\"1024\" height=\"683\" src=\"http:\/\/xn--feuerwehr-knigssee-n3b.de\/wp-content\/uploads\/2026\/04\/Markus-Lochner_2.-Vorstand-1-1024x683.jpg\" alt=\"\" class=\"wp-image-791\" style=\"aspect-ratio:1.5001674294006027;width:248px;height:auto\" srcset=\"http:\/\/xn--feuerwehr-knigssee-n3b.de\/wp-content\/uploads\/2026\/04\/Markus-Lochner_2.-Vorstand-1-1024x683.jpg 1024w, http:\/\/xn--feuerwehr-knigssee-n3b.de\/wp-content\/uploads\/2026\/04\/Markus-Lochner_2.-Vorstand-1-300x200.jpg 300w, http:\/\/xn--feuerwehr-knigssee-n3b.de\/wp-content\/uploads\/2026\/04\/Markus-Lochner_2.-Vorstand-1-768x512.jpg 768w, http:\/\/xn--feuerwehr-knigssee-n3b.de\/wp-content\/uploads\/2026\/04\/Markus-Lochner_2.-Vorstand-1-1536x1024.jpg 1536w, http:\/\/xn--feuerwehr-knigssee-n3b.de\/wp-content\/uploads\/2026\/04\/Markus-Lochner_2.-Vorstand-1-2048x1365.jpg 2048w\" sizes=\"auto, (max-width: 1024px) 100vw, 1024px\" \/><\/figure>\n\n\n\n<figure class=\"wp-block-table\"><table><tbody><tr><td><strong>Markus Lochner<\/strong><\/td><td>wird erg\u00e4nzt<\/td><\/tr><tr><td>wird erg\u00e4nzt<\/td><td>2. Vorstand<\/td><\/tr><tr><td><a href=\"mailto: michael.schaumann@feuerwehr-koenigssee.de\">markus.lochner@feuerwehr-koenigssee.de<\/a><\/td><td>email<\/td><\/tr><\/tbody><\/table><\/figure>\n\n\n\n<hr class=\"wp-block-separator has-css-opacity\"\/>\n\n\n\n<figure class=\"wp-block-image size-large is-resized\"><img loading=\"lazy\" decoding=\"async\" width=\"1024\" height=\"683\" src=\"http:\/\/xn--feuerwehr-knigssee-n3b.de\/wp-content\/uploads\/2026\/04\/Jenny-Wimmer_Schriftfuehrerin-1-1024x683.jpg\" alt=\"\" class=\"wp-image-792\" style=\"aspect-ratio:1.4998744524732863;width:258px;height:auto\" srcset=\"http:\/\/xn--feuerwehr-knigssee-n3b.de\/wp-content\/uploads\/2026\/04\/Jenny-Wimmer_Schriftfuehrerin-1-1024x683.jpg 1024w, http:\/\/xn--feuerwehr-knigssee-n3b.de\/wp-content\/uploads\/2026\/04\/Jenny-Wimmer_Schriftfuehrerin-1-300x200.jpg 300w, http:\/\/xn--feuerwehr-knigssee-n3b.de\/wp-content\/uploads\/2026\/04\/Jenny-Wimmer_Schriftfuehrerin-1-768x512.jpg 768w, http:\/\/xn--feuerwehr-knigssee-n3b.de\/wp-content\/uploads\/2026\/04\/Jenny-Wimmer_Schriftfuehrerin-1-1536x1024.jpg 1536w, http:\/\/xn--feuerwehr-knigssee-n3b.de\/wp-content\/uploads\/2026\/04\/Jenny-Wimmer_Schriftfuehrerin-1-2048x1365.jpg 2048w\" sizes=\"auto, (max-width: 1024px) 100vw, 1024px\" \/><\/figure>\n\n\n\n<figure class=\"wp-block-table\"><table><tbody><tr><td><\/td><td><strong>Jennifer<\/strong> Wimmer<\/td><\/tr><tr><td>1. Schriftf\u00fchrerin<\/td><td>Richard-Vo\u00df-Stra\u00dfe 51<br>83471 Sch\u00f6nau am K\u00f6nigssee<\/td><\/tr><tr><td>email<\/td><td><a href=\"mailto: jenny.rasp@feuerwehr-koenigssee.de\">jenny.rasp@feuerwehr-koenigssee.de<\/a><\/td><\/tr><\/tbody><\/table><\/figure>\n\n\n\n<figure class=\"wp-block-table\"><table><tbody><tr><td><strong>wird erg\u00e4nzt<\/strong><\/td><td>wird erg\u00e4nzt<\/td><\/tr><tr><td>wird erg\u00e4nzt<\/td><td>2. Schriftf\u00fchrer<\/td><\/tr><tr><td><\/td><td>email<\/td><\/tr><\/tbody><\/table><\/figure>\n\n\n\n<figure class=\"wp-block-image size-large is-resized\"><img loading=\"lazy\" decoding=\"async\" width=\"1024\" height=\"683\" src=\"http:\/\/xn--feuerwehr-knigssee-n3b.de\/wp-content\/uploads\/2026\/04\/Stefan-Aschauer_Kassier-1-1024x683.jpg\" alt=\"\" class=\"wp-image-793\" style=\"width:265px;height:auto\" srcset=\"http:\/\/xn--feuerwehr-knigssee-n3b.de\/wp-content\/uploads\/2026\/04\/Stefan-Aschauer_Kassier-1-1024x683.jpg 1024w, http:\/\/xn--feuerwehr-knigssee-n3b.de\/wp-content\/uploads\/2026\/04\/Stefan-Aschauer_Kassier-1-300x200.jpg 300w, http:\/\/xn--feuerwehr-knigssee-n3b.de\/wp-content\/uploads\/2026\/04\/Stefan-Aschauer_Kassier-1-768x512.jpg 768w, http:\/\/xn--feuerwehr-knigssee-n3b.de\/wp-content\/uploads\/2026\/04\/Stefan-Aschauer_Kassier-1-1536x1024.jpg 1536w, http:\/\/xn--feuerwehr-knigssee-n3b.de\/wp-content\/uploads\/2026\/04\/Stefan-Aschauer_Kassier-1-2048x1365.jpg 2048w\" sizes=\"auto, (max-width: 1024px) 100vw, 1024px\" \/><\/figure>\n\n\n\n<figure class=\"wp-block-table\"><table><tbody><tr><td><\/td><td><strong>Stefan Aschauer<\/strong><\/td><\/tr><tr><td>Kassier<\/td><td>An der Stangerm\u00fchle 5<br>83471 Sch\u00f6nau am K\u00f6nigssee<\/td><\/tr><tr><td>email<\/td><td><a href=\"mailto: kassier@feuerwehr-koenigssee.de\">kassier@feuerwehr-koenigssee.de<\/a><\/td><\/tr><\/tbody><\/table><\/figure>\n\n\n\n<p class=\"has-medium-font-size\"> <strong>Musikkapelle<\/strong><\/p>\n\n\n\n<figure class=\"wp-block-image size-large is-resized\"><img loading=\"lazy\" decoding=\"async\" width=\"1024\" height=\"683\" src=\"http:\/\/xn--feuerwehr-knigssee-n3b.de\/wp-content\/uploads\/2026\/04\/Robert-Stelzer_Kapellmeister-1-1024x683.jpg\" alt=\"\" class=\"wp-image-794\" style=\"width:265px;height:auto\" srcset=\"http:\/\/xn--feuerwehr-knigssee-n3b.de\/wp-content\/uploads\/2026\/04\/Robert-Stelzer_Kapellmeister-1-1024x683.jpg 1024w, http:\/\/xn--feuerwehr-knigssee-n3b.de\/wp-content\/uploads\/2026\/04\/Robert-Stelzer_Kapellmeister-1-300x200.jpg 300w, http:\/\/xn--feuerwehr-knigssee-n3b.de\/wp-content\/uploads\/2026\/04\/Robert-Stelzer_Kapellmeister-1-768x512.jpg 768w, http:\/\/xn--feuerwehr-knigssee-n3b.de\/wp-content\/uploads\/2026\/04\/Robert-Stelzer_Kapellmeister-1-1536x1024.jpg 1536w, http:\/\/xn--feuerwehr-knigssee-n3b.de\/wp-content\/uploads\/2026\/04\/Robert-Stelzer_Kapellmeister-1-2048x1365.jpg 2048w\" sizes=\"auto, (max-width: 1024px) 100vw, 1024px\" \/><\/figure>\n\n\n\n<figure class=\"wp-block-table\"><table><tbody><tr><td><strong>Robert Stelzer<\/strong><\/td><td><\/td><\/tr><tr><td>Obere Badgasse 1<br>A &#8211; 5400 Hallein<\/td><td> Kapellmeister <\/td><\/tr><tr><td><\/td><td><\/td><\/tr><\/tbody><\/table><\/figure>\n\n\n\n<figure class=\"wp-block-image size-large is-resized\"><img loading=\"lazy\" decoding=\"async\" width=\"1024\" height=\"683\" src=\"http:\/\/xn--feuerwehr-knigssee-n3b.de\/wp-content\/uploads\/2026\/04\/Edi-Breu_Tambourmajor-1-1024x683.jpg\" alt=\"\" class=\"wp-image-795\" style=\"aspect-ratio:1.4998744524732863;width:267px;height:auto\" srcset=\"http:\/\/xn--feuerwehr-knigssee-n3b.de\/wp-content\/uploads\/2026\/04\/Edi-Breu_Tambourmajor-1-1024x683.jpg 1024w, http:\/\/xn--feuerwehr-knigssee-n3b.de\/wp-content\/uploads\/2026\/04\/Edi-Breu_Tambourmajor-1-300x200.jpg 300w, http:\/\/xn--feuerwehr-knigssee-n3b.de\/wp-content\/uploads\/2026\/04\/Edi-Breu_Tambourmajor-1-768x512.jpg 768w, http:\/\/xn--feuerwehr-knigssee-n3b.de\/wp-content\/uploads\/2026\/04\/Edi-Breu_Tambourmajor-1-1536x1024.jpg 1536w, http:\/\/xn--feuerwehr-knigssee-n3b.de\/wp-content\/uploads\/2026\/04\/Edi-Breu_Tambourmajor-1-2048x1365.jpg 2048w\" sizes=\"auto, (max-width: 1024px) 100vw, 1024px\" \/><\/figure>\n\n\n\n<figure class=\"wp-block-table\"><table><tbody><tr><td><\/td><td><strong>Edi Breu jun.<\/strong><\/td><\/tr><tr><td>Tambourmajor<\/td><td>Storchenstra\u00dfe 42<br>83471 Sch\u00f6nau am K\u00f6nigssee<\/td><\/tr><tr><td>email<\/td><td><a href=\"mailto: edi.breu@feuerwehr-koenigssee.de\">edi.breu@feuerwehr-koenigssee.de<\/a><\/td><\/tr><\/tbody><\/table><\/figure>\n\n\n\n<p class=\"has-medium-font-size\"><strong>Fachbereiche<\/strong><\/p>\n\n\n\n<figure class=\"wp-block-image size-large is-resized\"><img loading=\"lazy\" decoding=\"async\" width=\"1024\" height=\"683\" src=\"http:\/\/xn--feuerwehr-knigssee-n3b.de\/wp-content\/uploads\/2026\/04\/Felix-Bohnenkamp_Jugendwart-1024x683.jpg\" alt=\"\" class=\"wp-image-770\" style=\"aspect-ratio:1.4992888417882142;width:281px;height:auto\" srcset=\"http:\/\/xn--feuerwehr-knigssee-n3b.de\/wp-content\/uploads\/2026\/04\/Felix-Bohnenkamp_Jugendwart-1024x683.jpg 1024w, http:\/\/xn--feuerwehr-knigssee-n3b.de\/wp-content\/uploads\/2026\/04\/Felix-Bohnenkamp_Jugendwart-300x200.jpg 300w, http:\/\/xn--feuerwehr-knigssee-n3b.de\/wp-content\/uploads\/2026\/04\/Felix-Bohnenkamp_Jugendwart-768x512.jpg 768w, http:\/\/xn--feuerwehr-knigssee-n3b.de\/wp-content\/uploads\/2026\/04\/Felix-Bohnenkamp_Jugendwart-1536x1024.jpg 1536w, http:\/\/xn--feuerwehr-knigssee-n3b.de\/wp-content\/uploads\/2026\/04\/Felix-Bohnenkamp_Jugendwart-2048x1365.jpg 2048w\" sizes=\"auto, (max-width: 1024px) 100vw, 1024px\" \/><\/figure>\n\n\n\n<figure class=\"wp-block-table\"><table class=\"has-fixed-layout\"><tbody><tr><td><strong>Felix Bohnenkamp<\/strong><\/td><td><\/td><\/tr><tr><td>Jugendwart Jugendzug<\/td><td><\/td><\/tr><tr><td>email<\/td><td><a href=\"mailto: jugendwart@feuerwehr-koenigssee.de\">jugendwart@feuerwehr-koenigssee.de<\/a><\/td><\/tr><\/tbody><\/table><\/figure>\n\n\n\n<figure class=\"wp-block-image size-large is-resized\"><img loading=\"lazy\" decoding=\"async\" width=\"1024\" height=\"683\" src=\"http:\/\/xn--feuerwehr-knigssee-n3b.de\/wp-content\/uploads\/2026\/04\/Valentin-Huber_Jugendwart-1-1024x683.jpg\" alt=\"\" class=\"wp-image-796\" style=\"aspect-ratio:1.4998744524732863;width:290px;height:auto\" srcset=\"http:\/\/xn--feuerwehr-knigssee-n3b.de\/wp-content\/uploads\/2026\/04\/Valentin-Huber_Jugendwart-1-1024x683.jpg 1024w, http:\/\/xn--feuerwehr-knigssee-n3b.de\/wp-content\/uploads\/2026\/04\/Valentin-Huber_Jugendwart-1-300x200.jpg 300w, http:\/\/xn--feuerwehr-knigssee-n3b.de\/wp-content\/uploads\/2026\/04\/Valentin-Huber_Jugendwart-1-768x512.jpg 768w, http:\/\/xn--feuerwehr-knigssee-n3b.de\/wp-content\/uploads\/2026\/04\/Valentin-Huber_Jugendwart-1-1536x1024.jpg 1536w, http:\/\/xn--feuerwehr-knigssee-n3b.de\/wp-content\/uploads\/2026\/04\/Valentin-Huber_Jugendwart-1-2048x1365.jpg 2048w\" sizes=\"auto, (max-width: 1024px) 100vw, 1024px\" \/><\/figure>\n\n\n\n<figure class=\"wp-block-table\"><table class=\"has-fixed-layout\"><tbody><tr><td><strong>Valentin Huber<\/strong><\/td><td>\ufeff<\/td><\/tr><tr><td>Jugendwart Jugendzug<\/td><td>\ufeff<\/td><\/tr><tr><td>email<\/td><td><a href=\"mailto: jugendwart@feuerwehr-koenigssee.de\">jugendwart@feuerwehr-koenigssee.de<\/a><\/td><\/tr><\/tbody><\/table><\/figure>\n\n\n\n<div class=\"wp-block-group\"><div class=\"wp-block-group__inner-container is-layout-constrained wp-block-group-is-layout-constrained\">\n<figure class=\"wp-block-table\"><table class=\"has-fixed-layout\"><tbody><tr><td>F\u00f6rderverein der FFW K\u00f6nigssee<\/td><td><strong>Aus-und Weiterbildung<br>Leistungsabzeichen<br>Schiedsrichterwesen<\/strong><\/td><td><strong>\u00d6ffentlichkeitsarbeit<br>Homepage \/ Internet<br>B\u00fcro<\/strong><\/td><\/tr><tr><td><\/td><td><img decoding=\"async\" class=\"wp-image-92\" style=\"white-space: normal; width: 108px;\" src=\"http:\/\/xn--feuerwehr-knigssee-n3b.de\/wp-content\/uploads\/2019\/06\/pfn%C3%BCrse.jpg\" alt=\"\"><\/td><td><img loading=\"lazy\" decoding=\"async\" width=\"108\" height=\"139\" class=\"wp-image-93\" style=\"width: 108px;\" src=\"http:\/\/xn--feuerwehr-knigssee-n3b.de\/wp-content\/uploads\/2019\/06\/953-12023-V03-e1561365945728.jpg\" alt=\"\"><\/td><\/tr><tr><td><strong>Stefan Punz<\/strong><br>Vorsitzender F\u00f6rderverein<\/td><td><strong>Josef Pfn\u00fcr<\/strong><\/td><td><strong>Martin Planegger<\/strong><\/td><\/tr><tr><td><\/td><td>An der Ache 55<br>83471 Sch\u00f6nau am<br>K\u00f6nigssee<\/td><td>Salzburger Stra\u00dfe 22<br>83471 Berchtesgaden<\/td><\/tr><tr><td><\/td><td><\/td><td>email<\/td><\/tr><tr><td><\/td><td><\/td><td><a href=\"mailto: webmaster@feuerwehr-koenigssee.de\">webmaster@feuerwehr-koenigssee.de<\/a><\/td><\/tr><\/tbody><\/table><\/figure>\n<\/div><\/div>\n\n\n<div class=\"wp-block-image\">\n<figure class=\"aligncenter\"><img loading=\"lazy\" decoding=\"async\" width=\"701\" height=\"418\" src=\"http:\/\/xn--feuerwehr-knigssee-n3b.de\/wp-content\/uploads\/2019\/06\/lm.jpg\" alt=\"\" class=\"wp-image-105\" srcset=\"http:\/\/xn--feuerwehr-knigssee-n3b.de\/wp-content\/uploads\/2019\/06\/lm.jpg 701w, http:\/\/xn--feuerwehr-knigssee-n3b.de\/wp-content\/uploads\/2019\/06\/lm-300x179.jpg 300w\" sizes=\"auto, (max-width: 701px) 100vw, 701px\" \/><\/figure>\n<\/div>\n\n\n<hr class=\"wp-block-separator has-alpha-channel-opacity\"\/>\n\n\n\n<div class=\"wp-block-columns is-layout-flex wp-container-core-columns-is-layout-28f84493 wp-block-columns-is-layout-flex\">\n<div class=\"wp-block-column is-layout-flow wp-block-column-is-layout-flow\" style=\"flex-basis:100%\"><\/div>\n<\/div>\n\n\n\n<p>Die Seite wurde erstellt durch:<\/p>\n\n\n\n<p><a href=\"http:\/\/www.planegger.info\" target=\"_blank\" rel=\"noreferrer noopener\">www.planegger.info<\/a><\/p>\n\n\n\n<figure class=\"wp-block-image\"><img loading=\"lazy\" decoding=\"async\" width=\"1024\" height=\"147\" src=\"http:\/\/xn--feuerwehr-knigssee-n3b.de\/wp-content\/uploads\/2019\/06\/banner4-1024x147.jpg\" alt=\"\" class=\"wp-image-186\" srcset=\"http:\/\/xn--feuerwehr-knigssee-n3b.de\/wp-content\/uploads\/2019\/06\/banner4-1024x147.jpg 1024w, http:\/\/xn--feuerwehr-knigssee-n3b.de\/wp-content\/uploads\/2019\/06\/banner4-300x43.jpg 300w, http:\/\/xn--feuerwehr-knigssee-n3b.de\/wp-content\/uploads\/2019\/06\/banner4-768x110.jpg 768w, http:\/\/xn--feuerwehr-knigssee-n3b.de\/wp-content\/uploads\/2019\/06\/banner4.jpg 1600w\" sizes=\"auto, (max-width: 1024px) 100vw, 1024px\" \/><\/figure>\n","protected":false},"excerpt":{"rendered":"<p>Kommandanten Christian Schoner 1. Kommandant Richard-Vo\u00df-Str. 9483471 Sch\u00f6nau am K\u00f6nigssee email kommandant@feuerwehr-koenigssee.de Sebastian Punz wird erg\u00e4nzt Vorderbrandstra\u00dfe 3683471 Sch\u00f6nau am K\u00f6nigssee 2. Kommandant 2.kommandant@feuerwehr-koenigssee.de email Vorstandschaft Franz Gra\u00dfl 1. Vorstand Richard-Vo\u00df-Stra\u00dfe 6783471 Sch\u00f6nau am K\u00f6nigssee email vorstand@feuerwehr-koenigssee.de Markus Lochner wird erg\u00e4nzt wird erg\u00e4nzt 2. Vorstand markus.lochner@feuerwehr-koenigssee.de email Jennifer Wimmer 1. Schriftf\u00fchrerin Richard-Vo\u00df-Stra\u00dfe 5183471 Sch\u00f6nau am [&hellip;]<\/p>\n","protected":false},"author":1,"featured_media":0,"parent":0,"menu_order":0,"comment_status":"closed","ping_status":"closed","template":"","meta":{"_eb_attr":"","footnotes":""},"class_list":["post-61","page","type-page","status-publish","hentry"],"_links":{"self":[{"href":"http:\/\/xn--feuerwehr-knigssee-n3b.de\/index.php?rest_route=\/wp\/v2\/pages\/61","targetHints":{"allow":["GET"]}}],"collection":[{"href":"http:\/\/xn--feuerwehr-knigssee-n3b.de\/index.php?rest_route=\/wp\/v2\/pages"}],"about":[{"href":"http:\/\/xn--feuerwehr-knigssee-n3b.de\/index.php?rest_route=\/wp\/v2\/types\/page"}],"author":[{"embeddable":true,"href":"http:\/\/xn--feuerwehr-knigssee-n3b.de\/index.php?rest_route=\/wp\/v2\/users\/1"}],"replies":[{"embeddable":true,"href":"http:\/\/xn--feuerwehr-knigssee-n3b.de\/index.php?rest_route=%2Fwp%2Fv2%2Fcomments&post=61"}],"version-history":[{"count":15,"href":"http:\/\/xn--feuerwehr-knigssee-n3b.de\/index.php?rest_route=\/wp\/v2\/pages\/61\/revisions"}],"predecessor-version":[{"id":800,"href":"http:\/\/xn--feuerwehr-knigssee-n3b.de\/index.php?rest_route=\/wp\/v2\/pages\/61\/revisions\/800"}],"wp:attachment":[{"href":"http:\/\/xn--feuerwehr-knigssee-n3b.de\/index.php?rest_route=%2Fwp%2Fv2%2Fmedia&parent=61"}],"curies":[{"name":"wp","href":"https:\/\/api.w.org\/{rel}","templated":true}]}}