{"id":67,"date":"2019-06-24T08:15:41","date_gmt":"2019-06-24T08:15:41","guid":{"rendered":"http:\/\/xn--feuerwehr-knigssee-n3b.de\/?page_id=67"},"modified":"2023-03-15T22:31:54","modified_gmt":"2023-03-15T20:31:54","slug":"foerderverein-der-ffw-koenigssee","status":"publish","type":"page","link":"http:\/\/xn--feuerwehr-knigssee-n3b.de\/?page_id=67","title":{"rendered":"F\u00f6rderverein der FFW K\u00f6nigssee"},"content":{"rendered":"\n<figure class=\"wp-block-image\"><img loading=\"lazy\" decoding=\"async\" width=\"1024\" height=\"207\" src=\"http:\/\/xn--feuerwehr-knigssee-n3b.de\/wp-content\/uploads\/2019\/06\/K-rechts-1024x207.png\" alt=\"\" class=\"wp-image-127\" srcset=\"http:\/\/xn--feuerwehr-knigssee-n3b.de\/wp-content\/uploads\/2019\/06\/K-rechts-1024x207.png 1024w, http:\/\/xn--feuerwehr-knigssee-n3b.de\/wp-content\/uploads\/2019\/06\/K-rechts-300x61.png 300w, http:\/\/xn--feuerwehr-knigssee-n3b.de\/wp-content\/uploads\/2019\/06\/K-rechts-768x156.png 768w, http:\/\/xn--feuerwehr-knigssee-n3b.de\/wp-content\/uploads\/2019\/06\/K-rechts.png 1234w\" sizes=\"auto, (max-width: 1024px) 100vw, 1024px\" \/><\/figure>\n\n\n\n<p> Im Jahre 1901 gr\u00fcndeten 49 wackere einsatzbereite M\u00e4nner aus K\u00f6nigssee die Freiwillige Feuerwehr K\u00f6nigssee. 100 Jahre sp\u00e4ter wurde von deren S\u00f6hnen, Enkeln und Nachkommen der F\u00f6rderverein der Freiwilligen Feuerwehr K\u00f6nigssee gegr\u00fcndet. <br>Im Gegensatz zum Hauptverein, dessen Ziel es ist, die Feuerwehr K\u00f6nigssee personell zu unterst\u00fctzen, liegen die Ziele des F\u00f6rdervereins rein darin, die Feuerwehrarbeit finanziell zu f\u00f6rdern.<\/p>\n\n\n\n<p><strong>Nat\u00fcrlich werden Ihre Spenden und Beitr\u00e4ge zum F\u00f6rderverein vom Finanzamt auch in voller H\u00f6he anerkannt!<\/strong><\/p>\n\n\n\n<p>Um den positiven Trend in der Entwicklung der Mitgliederzahl auch weiterhin fortsetzen zu k\u00f6nnen, sind auch weiterhin neue Mitglieder im F\u00f6rderverein der Freiwilligen Feuerwehr K\u00f6nigssee e.V. herzlich willkommen.<\/p>\n\n\n\n<p><strong>Je mehr Mitglieder unser F\u00f6rderverein hat, um so gr\u00f6\u00dfer wird der Kapitalstock, mit dem die Wehr finanziell unterst\u00fctzt wird.<\/strong><\/p>\n\n\n\n<p>Hier erhalten Sie den Flyer und den Antrag zur Mitgliedschaft:<\/p>\n\n\n\n<div class=\"wp-block-buttons is-layout-flex wp-block-buttons-is-layout-flex\">\n<div class=\"wp-block-button\"><a class=\"wp-block-button__link wp-element-button\" href=\"http:\/\/xn--feuerwehr-knigssee-n3b.de\/wp-content\/uploads\/2023\/03\/Foerderverein_Flyer_2023.pdf\" target=\"_blank\" rel=\"noreferrer noopener\">Flyer F\u00f6rderverein <\/a><\/div>\n<\/div>\n\n\n\n<p class=\"has-text-align-center has-medium-font-size\"><strong>Sie k\u00f6nnen <\/strong><a rel=\"noreferrer noopener\" aria-label=\"hier (\u00f6ffnet in neuem Tab)\" href=\"https:\/\/www.paypal.com\/donate\/?token=Yi7sI5rdWjYQMEn29uyIilp_7vHDcI1P5EjqQcBLDe23REIs6_MZRbE81SlCHi8LWNBFa0&amp;country.x=DE&amp;locale.x=DE\" target=\"_blank\"><strong>hier<\/strong><\/a><strong> direkt an den F\u00f6rderverein spenden (Weiterleitung an PayPal!)!<\/strong><\/p>\n\n\n\n<form action=\"https:\/\/www.paypal.com\/cgi-bin\/webscr\" method=\"post\" target=\"_top\">\n<input type=\"hidden\" name=\"cmd\" value=\"_s-xclick\">\n<input type=\"hidden\" name=\"hosted_button_id\" value=\"S6TJ6XDVQ5CC6\">\n<input type=\"image\" src=\"https:\/\/www.paypalobjects.com\/de_DE\/DE\/i\/btn\/btn_donateCC_LG.gif\" border=\"0\" name=\"submit\" alt=\"Jetzt einfach, schnell und sicher online bezahlen \u2013 mit PayPal.\">\n<figure><img loading=\"lazy\" decoding=\"async\" alt=\"\" border=\"0\" src=\"https:\/\/www.paypalobjects.com\/de_DE\/i\/scr\/pixel.gif\" width=\"1\" height=\"1\"><\/figure>\n<\/form>\n","protected":false},"excerpt":{"rendered":"<p>Im Jahre 1901 gr\u00fcndeten 49 wackere einsatzbereite M\u00e4nner aus K\u00f6nigssee die Freiwillige Feuerwehr K\u00f6nigssee. 100 Jahre sp\u00e4ter wurde von deren S\u00f6hnen, Enkeln und Nachkommen der F\u00f6rderverein der Freiwilligen Feuerwehr K\u00f6nigssee gegr\u00fcndet. Im Gegensatz zum Hauptverein, dessen Ziel es ist, die Feuerwehr K\u00f6nigssee personell zu unterst\u00fctzen, liegen die Ziele des F\u00f6rdervereins rein darin, die Feuerwehrarbeit finanziell [&hellip;]<\/p>\n","protected":false},"author":1,"featured_media":0,"parent":0,"menu_order":0,"comment_status":"closed","ping_status":"closed","template":"","meta":{"_eb_attr":"","footnotes":""},"class_list":["post-67","page","type-page","status-publish","hentry"],"_links":{"self":[{"href":"http:\/\/xn--feuerwehr-knigssee-n3b.de\/index.php?rest_route=\/wp\/v2\/pages\/67","targetHints":{"allow":["GET"]}}],"collection":[{"href":"http:\/\/xn--feuerwehr-knigssee-n3b.de\/index.php?rest_route=\/wp\/v2\/pages"}],"about":[{"href":"http:\/\/xn--feuerwehr-knigssee-n3b.de\/index.php?rest_route=\/wp\/v2\/types\/page"}],"author":[{"embeddable":true,"href":"http:\/\/xn--feuerwehr-knigssee-n3b.de\/index.php?rest_route=\/wp\/v2\/users\/1"}],"replies":[{"embeddable":true,"href":"http:\/\/xn--feuerwehr-knigssee-n3b.de\/index.php?rest_route=%2Fwp%2Fv2%2Fcomments&post=67"}],"version-history":[{"count":5,"href":"http:\/\/xn--feuerwehr-knigssee-n3b.de\/index.php?rest_route=\/wp\/v2\/pages\/67\/revisions"}],"predecessor-version":[{"id":667,"href":"http:\/\/xn--feuerwehr-knigssee-n3b.de\/index.php?rest_route=\/wp\/v2\/pages\/67\/revisions\/667"}],"wp:attachment":[{"href":"http:\/\/xn--feuerwehr-knigssee-n3b.de\/index.php?rest_route=%2Fwp%2Fv2%2Fmedia&parent=67"}],"curies":[{"name":"wp","href":"https:\/\/api.w.org\/{rel}","templated":true}]}}