{"id":697,"date":"2025-09-11T20:59:03","date_gmt":"2025-09-11T18:59:03","guid":{"rendered":"http:\/\/xn--feuerwehr-knigssee-n3b.de\/?page_id=697"},"modified":"2026-04-10T22:53:17","modified_gmt":"2026-04-10T20:53:17","slug":"jubilaeum-2026","status":"publish","type":"page","link":"http:\/\/xn--feuerwehr-knigssee-n3b.de\/?page_id=697","title":{"rendered":"Jubil\u00e4umsjahr 2026"},"content":{"rendered":"\n<p><strong>F E S T P R O G R A M M<\/strong><br><\/p>\n\n\n\n<div class=\"wp-block-buttons is-content-justification-right is-layout-flex wp-container-core-buttons-is-layout-d445cf74 wp-block-buttons-is-layout-flex\">\n<div class=\"wp-block-button\"><a class=\"wp-block-button__link has-text-align-right wp-element-button\" href=\"http:\/\/xn--feuerwehr-knigssee-n3b.de\/wp-content\/uploads\/2026\/04\/Festprogramm_Jubilaeumsfest_FFW-Koenigssee_Aug26.pdf\" target=\"_blank\" rel=\"noreferrer noopener\">Download Festprogramm<\/a><\/div>\n<\/div>\n\n\n\n<hr class=\"wp-block-separator has-alpha-channel-opacity\"\/>\n\n\n\n<p class=\"has-text-align-center\"><strong><mark style=\"background-color:rgba(0, 0, 0, 0)\" class=\"has-inline-color has-vivid-red-color\">Mittwoch, 19. August 2026<\/mark><\/strong><\/p>\n\n\n\n<hr class=\"wp-block-separator has-alpha-channel-opacity\"\/>\n\n\n\n<p><strong>Spritzenhausparty goes Zelt<\/strong><\/p>\n\n\n\n<p>Unsere legend\u00e4re Spritzenhausparty findet im Jahr 2026 im Rahmen unseres Jubil\u00e4umsfestes im Barzelt statt. Mit der Barparty am Mittwochabend starten wir voll motiviert in unser Festwochenende.<\/p>\n\n\n\n<p>F\u00fcr Partystimmung sorgen wie immer unsere top DJ\u00b4s \u2013 die DJ Wasti\u00b4s.<\/p>\n\n\n\n<p><strong>Einlass ins Barzelt 20.00 Uhr | Einlass ab 18 Jahren, kein Partyzettel.<\/strong><br>&#8211; Einlass frei &#8211;<\/p>\n\n\n\n<p>Der regul\u00e4re Zeltbetrieb findet an diesem Abend noch nicht statt.<\/p>\n\n\n\n<hr class=\"wp-block-separator has-alpha-channel-opacity\"\/>\n\n\n\n<p class=\"has-text-align-center\"><strong><mark style=\"background-color:rgba(0, 0, 0, 0)\" class=\"has-inline-color has-vivid-red-color\">Donnerstag, 20. August 2026<\/mark><\/strong><\/p>\n\n\n\n<hr class=\"wp-block-separator has-alpha-channel-opacity\"\/>\n\n\n\n<p><strong>Tag der Betriebe mit den Berchtesgadener Buam<\/strong><\/p>\n\n\n\n<p>Wir laden ein zum \u201eTag der Betriebe\u201c und freuen uns, unsere heimischen Betriebe, Firmen, Stammtische sowie Vereine im Festzelt begr\u00fc\u00dfen zu d\u00fcrfen!<\/p>\n\n\n\n<p><strong>Zeltbetrieb ab 17.00 Uhr<\/strong><br>&#8211; Eintritt frei &#8211; <\/p>\n\n\n\n<p>Um euch entsprechend Platz garantieren zu k\u00f6nnen, bitten wir um Tischreservierung unter <a href=\"mailto:fest2026@feuerwehr-koenigssee.de\">fest2026@feuerwehr-koenigssee.de<\/a><\/p>\n\n\n\n<hr class=\"wp-block-separator has-alpha-channel-opacity\"\/>\n\n\n\n<p class=\"has-text-align-center\"><strong><mark style=\"background-color:rgba(0, 0, 0, 0)\" class=\"has-inline-color has-vivid-red-color\">Freitag, 21. August 2026<\/mark><\/strong><\/p>\n\n\n\n<hr class=\"wp-block-separator has-alpha-channel-opacity\"\/>\n\n\n\n<p><strong>Der Freitagnachmittag \u2013 mit der \u201eD\u00b4Saugschlauchmusi\u201c<\/strong><\/p>\n\n\n\n<p>Feierabend is &amp; ab ins Bierzelt!<\/p>\n\n\n\n<p>Am Nachmittag spielt unsere kleine Besetzung \u201eD\u00b4Saugschlauchmusi\u201c und sorgt f\u00fcr einen gem\u00fctlichen Nachmittag, aber auch f\u00fcr ein perfektes \u201ewarm up\u201c, denn im Anschluss geht\u2019s weiter mit der Saustoimusi!<\/p>\n\n\n\n<p><strong>Zeltbetrieb ab 14.00 Uhr&nbsp; (ab 18.30 Uhr Zutritt nur mit g\u00fcltigem Ticket m\u00f6glich)<\/strong><\/p>\n\n\n\n<p><strong>Der Freitagabend \u2013 mit der \u201eSaustoimusi\u201c<\/strong><\/p>\n\n\n\n<p>Blaulicht trifft Blech: eine Show zwischen Schlagerpop, Mundart-EDM und irgendwas Drittem.<br><br>Was als Feier-Clique mit Blasmusik-Background begann, steht heute auf den Festival- und Bierzeltb\u00fchnen \u2013 mit Lederhosen, weil\u2019s halt nie anders war \u2013 die \u201eSaustoimusi\u201c. Die Leidenschaft f\u00fcr B\u00fchne und Bar ist geblieben &#8211; lasst uns gemeinsam feiern!<\/p>\n\n\n\n<p><strong>Einlass: 18.30 Uhr | Beginn: 19.30 Uhr<\/strong><\/p>\n\n\n\n<hr class=\"wp-block-separator has-alpha-channel-opacity\"\/>\n\n\n\n<p class=\"has-text-align-center\"><strong><mark style=\"background-color:rgba(0, 0, 0, 0)\" class=\"has-inline-color has-vivid-red-color\">Samstag, 22. August 2026<\/mark><\/strong><\/p>\n\n\n\n<hr class=\"wp-block-separator has-alpha-channel-opacity\"\/>\n\n\n\n<p>Am Samstag steht ab&nbsp;<strong>10.30 Uhr<\/strong>&nbsp;alles im Zeichen des&nbsp;<strong>Familientags mit gro\u00dfem Feuerwehr-Oldtimertreffen<\/strong>. <br>Feuerwehrgeschichte wird hier lebendig: historische Fahrzeuge, moderne Technik und viele spannende Einblicke laden zum Staunen und Entdecken ein. Unter dem Motto&nbsp;<strong>\u201eFeuerwehr<\/strong> <strong>zum Anfassen und Mitmachen\u201c<\/strong>&nbsp;gibt es f\u00fcr Kinder, Jugendliche und Erwachsene jede Menge zu erleben.<\/p>\n\n\n\n<p>Vor allem die j\u00fcngeren G\u00e4ste d\u00fcrfen sich auf abwechslungsreiche Aktionen, spannende Mitmachstationen und viele kleine \u00dcberraschungen freuen. Ob ausprobieren, spielen oder einfach staunen \u2013 hier ist f\u00fcr die ganze Familie etwas geboten.<\/p>\n\n\n\n<p>Nat\u00fcrlich ist auch f\u00fcr das leibliche Wohl bestens gesorgt: Im Bierzelt warten&nbsp;<strong>Speis und Trank<\/strong>, w\u00e4hrend das&nbsp;<strong>Ratz Fatz Trio<\/strong>&nbsp;mit stimmungsvoller Musik f\u00fcr beste Unterhaltung und echte Festatmosph\u00e4re sorgt.<\/p>\n\n\n\n<p>Ein weiterer H\u00f6hepunkt folgt am Abend: <br>Um&nbsp;<strong>18.00 Uhr<\/strong>&nbsp;findet die feierliche&nbsp;<strong>Heldenehrung an der<\/strong> <strong>Seel\u00e4nde<\/strong>&nbsp;statt. Anschlie\u00dfend beginnt um&nbsp;<strong>19.00 Uhr<\/strong>&nbsp;ein ganz besonderer Festabend \u2013 abwechslungsreich, unterhaltsam und garantiert alles andere als gew\u00f6hnlich. <\/p>\n\n\n\n<p>Freuen darf man sich auf besondere Momente und \u00fcberraschende Highlights, die lange in Erinnerung bleiben. F\u00fcr diepassende musikalische Umrahmung sorgt die&nbsp;<strong>Musikkapelle der FFW K\u00f6nigssee<\/strong>. <br>Eintritt frei.<\/p>\n\n\n\n<p class=\"has-text-align-center\"><strong>Ein Tag voller Erlebnisse, Gemeinschaft und sch\u00f6ner Festmomente wartet auf viele Besucherinnen und Besucher.<\/strong><\/p>\n\n\n\n<p>Du hast einen Feuerwehr-Oldtimer und m\u00f6chtest dich f\u00fcr das Treffen anmelden? Dann kontaktiere bitte unseren Ansprechpartner Florian Primez \u2013&nbsp;<a href=\"mailto:florian.primez@feuerwehr-koenigssee.de\">florian.primez@feuerwehr-koenigssee.de<\/a><\/p>\n\n\n\n<hr class=\"wp-block-separator has-alpha-channel-opacity\"\/>\n\n\n\n<p class=\"has-text-align-center\"><strong><mark style=\"background-color:rgba(0, 0, 0, 0)\" class=\"has-inline-color has-vivid-red-color\">Sonntag, 23. August 2026<\/mark><\/strong><\/p>\n\n\n\n<hr class=\"wp-block-separator has-alpha-channel-opacity\"\/>\n\n\n\n<p><strong>Gro\u00dfer Festtag mit Umzug<\/strong><\/p>\n\n\n\n<p>Der H\u00f6hepunkt unseres Festwochenendes ist der Festsonntag. Der Tag beginnt mit dem feierlichen Kirchenzug und der anschlie\u00dfenden Festmesse (10 Uhr). Danach ziehen zahlreiche Vereine und Musikkapellen beim gro\u00dfen Festumzug durch den Ort K\u00f6nigssee und verwandeln die Stra\u00dfen in ein farbenfrohes und klangvolles Erlebnis.<\/p>\n\n\n\n<p>Im Anschluss laden wir herzlich zum Festausklang im Festzelt ein. Verschiedene Blaskapellen sorgen dort f\u00fcr beste musikalische Unterhaltung, gesellige Stimmung und bayerische Gem\u00fctlichkeit.<\/p>\n\n\n\n<p>Alle G\u00e4ste und Zuschauer sind herzlich willkommen, diesen besonderen Tag mit uns zu feiern!<\/p>\n\n\n\n<p>Programm\u00e4nderungen bzgl. Uhrzeiten sind vorbehalten!<\/p>\n\n\n\n<div class=\"wp-block-buttons is-content-justification-right is-layout-flex wp-container-core-buttons-is-layout-d445cf74 wp-block-buttons-is-layout-flex\">\n<div class=\"wp-block-button\"><a class=\"wp-block-button__link has-text-align-right wp-element-button\" href=\"http:\/\/xn--feuerwehr-knigssee-n3b.de\/wp-content\/uploads\/2026\/04\/Festprogramm_Jubilaeumsfest_FFW-Koenigssee_Aug26.pdf\" target=\"_blank\" rel=\"noreferrer noopener\">Download Festprogramm<\/a><\/div>\n\n\n\n<div class=\"wp-block-button\"><a class=\"wp-block-button__link wp-element-button\" href=\"http:\/\/xn--feuerwehr-knigssee-n3b.de\/wp-content\/uploads\/2026\/04\/Festbestimmungen_Jubilaeumsfest-FFW-Koenigssee_Aug26.pdf\" target=\"_blank\" rel=\"noreferrer noopener\">Festbestimmungen<\/a><\/div>\n\n\n\n<div class=\"wp-block-button\"><a class=\"wp-block-button__link wp-element-button\" href=\"http:\/\/xn--feuerwehr-knigssee-n3b.de\/wp-content\/uploads\/2026\/04\/Einladung_Anmeldung_Jubilaeumsfest-FFW-Koenigssee_Aug26.pdf\" target=\"_blank\" rel=\"noreferrer noopener\">Einladung\/Anmeldung<\/a><\/div>\n<\/div>\n\n\n\n<hr class=\"wp-block-separator has-alpha-channel-opacity\"\/>\n\n\n\n<p><strong>&#8222;Besonderheiten&#8220; im Jubli\u00e4umsjahr<\/strong><\/p>\n\n\n\n<div class=\"wp-block-columns is-layout-flex wp-container-core-columns-is-layout-28f84493 wp-block-columns-is-layout-flex\">\n<div class=\"wp-block-column is-layout-flow wp-block-column-is-layout-flow\" style=\"flex-basis:50%\"><div class=\"wp-block-image\">\n<figure class=\"aligncenter size-large\"><img loading=\"lazy\" decoding=\"async\" width=\"1024\" height=\"768\" src=\"http:\/\/xn--feuerwehr-knigssee-n3b.de\/wp-content\/uploads\/2026\/02\/Standkonzert-Seelaende-August-2025-1024x768.jpg\" alt=\"\" class=\"wp-image-752\" srcset=\"http:\/\/xn--feuerwehr-knigssee-n3b.de\/wp-content\/uploads\/2026\/02\/Standkonzert-Seelaende-August-2025-1024x768.jpg 1024w, http:\/\/xn--feuerwehr-knigssee-n3b.de\/wp-content\/uploads\/2026\/02\/Standkonzert-Seelaende-August-2025-300x225.jpg 300w, http:\/\/xn--feuerwehr-knigssee-n3b.de\/wp-content\/uploads\/2026\/02\/Standkonzert-Seelaende-August-2025-768x576.jpg 768w, http:\/\/xn--feuerwehr-knigssee-n3b.de\/wp-content\/uploads\/2026\/02\/Standkonzert-Seelaende-August-2025-1536x1152.jpg 1536w, http:\/\/xn--feuerwehr-knigssee-n3b.de\/wp-content\/uploads\/2026\/02\/Standkonzert-Seelaende-August-2025-2048x1536.jpg 2048w\" sizes=\"auto, (max-width: 1024px) 100vw, 1024px\" \/><\/figure>\n<\/div><\/div>\n\n\n\n<div class=\"wp-block-column is-layout-flow wp-block-column-is-layout-flow\" style=\"flex-basis:50%\"><div class=\"wp-block-image\">\n<figure class=\"aligncenter size-large\"><img loading=\"lazy\" decoding=\"async\" width=\"1024\" height=\"768\" src=\"http:\/\/xn--feuerwehr-knigssee-n3b.de\/wp-content\/uploads\/2026\/02\/Fagstein_Kreuz_mit-Watzmannblick-1024x768.jpg\" alt=\"\" class=\"wp-image-753\" srcset=\"http:\/\/xn--feuerwehr-knigssee-n3b.de\/wp-content\/uploads\/2026\/02\/Fagstein_Kreuz_mit-Watzmannblick-1024x768.jpg 1024w, http:\/\/xn--feuerwehr-knigssee-n3b.de\/wp-content\/uploads\/2026\/02\/Fagstein_Kreuz_mit-Watzmannblick-300x225.jpg 300w, http:\/\/xn--feuerwehr-knigssee-n3b.de\/wp-content\/uploads\/2026\/02\/Fagstein_Kreuz_mit-Watzmannblick-768x576.jpg 768w, http:\/\/xn--feuerwehr-knigssee-n3b.de\/wp-content\/uploads\/2026\/02\/Fagstein_Kreuz_mit-Watzmannblick-1536x1152.jpg 1536w, http:\/\/xn--feuerwehr-knigssee-n3b.de\/wp-content\/uploads\/2026\/02\/Fagstein_Kreuz_mit-Watzmannblick-2048x1536.jpg 2048w\" sizes=\"auto, (max-width: 1024px) 100vw, 1024px\" \/><\/figure>\n<\/div><\/div>\n<\/div>\n\n\n\n<p>B<strong>ergmesse am Fagstein \u2013 im Jubil\u00e4umsjahr 2026<\/strong><\/p>\n\n\n\n<p>Im Rahmen unseres&nbsp;<strong>Jubil\u00e4umsjahres 2026<\/strong>&nbsp;findet die traditionelle&nbsp;<strong>Bergmesse am Fagstein<\/strong>&nbsp;zur&nbsp;<strong>Ehrung unserer gefallenen und verstorbenen Kameraden<\/strong>&nbsp;in diesem Jahr zu einem besonderen Termin statt.<\/p>\n\n\n\n<p>Nicht wie gewohnt am 03. Oktober, sondern&nbsp;<strong>bereits am Sonntag, 19. Juli 2026<\/strong>, laden wir herzlich zur gemeinsamen Bergmesse ein.<\/p>\n\n\n\n<p>Diese Messe steht ganz im Zeichen des Gedenkens, der Gemeinschaft und der Verbundenheit zur Heimat und unseren Kameraden.<\/p>\n\n\n\n<p>Im Anschluss an die Bergmesse erfolgt das&nbsp;<strong>gemeinsame Einkehren auf der Priesbergalm<\/strong>, wo der Tag in geselliger Runde bei&nbsp;<strong>Musik und guter Stimmung<\/strong>&nbsp;ausklingen darf.<\/p>\n\n\n\n<p>Wir freuen uns auf viele Teilnehmerinnen und Teilnehmer und ein gemeinsames Zeichen des Erinnerns und der Kameradschaft.<\/p>\n\n\n<div class=\"wp-block-image\">\n<figure class=\"aligncenter size-large is-resized\"><img loading=\"lazy\" decoding=\"async\" width=\"1024\" height=\"768\" src=\"http:\/\/xn--feuerwehr-knigssee-n3b.de\/wp-content\/uploads\/2026\/02\/Fagstein_Kreuz_mit-Watzmannblick-1024x768.jpg\" alt=\"\" class=\"wp-image-753\" style=\"width:521px;height:auto\" srcset=\"http:\/\/xn--feuerwehr-knigssee-n3b.de\/wp-content\/uploads\/2026\/02\/Fagstein_Kreuz_mit-Watzmannblick-1024x768.jpg 1024w, http:\/\/xn--feuerwehr-knigssee-n3b.de\/wp-content\/uploads\/2026\/02\/Fagstein_Kreuz_mit-Watzmannblick-300x225.jpg 300w, http:\/\/xn--feuerwehr-knigssee-n3b.de\/wp-content\/uploads\/2026\/02\/Fagstein_Kreuz_mit-Watzmannblick-768x576.jpg 768w, http:\/\/xn--feuerwehr-knigssee-n3b.de\/wp-content\/uploads\/2026\/02\/Fagstein_Kreuz_mit-Watzmannblick-1536x1152.jpg 1536w, http:\/\/xn--feuerwehr-knigssee-n3b.de\/wp-content\/uploads\/2026\/02\/Fagstein_Kreuz_mit-Watzmannblick-2048x1536.jpg 2048w\" sizes=\"auto, (max-width: 1024px) 100vw, 1024px\" \/><\/figure>\n<\/div>\n\n\n<p>*****************************<\/p>\n\n\n\n<p><strong>Sommer-Jubil\u00e4umskonzert \u2013 40 Jahre Musik in der FFW K\u00f6nigssee<\/strong><\/p>\n\n\n\n<p>Wir feiern&nbsp;<strong>40 Jahre Musik in der FFW K\u00f6nigssee<\/strong>&nbsp;mit einem besonderen Sommerabend an der Seel\u00e4nde.<br>Freut euch auf ein Jubil\u00e4umskonzert in zwei Teilen:<\/p>\n\n\n\n<p><strong>Teil 1:<\/strong>&nbsp;Konzertante Blasmusik \u2013 feierlich, klangvoll und eine kleine musikalische Zeitreise<br><strong>Teil 2:<\/strong>&nbsp;Stimmungsmusik \u2013 gesellig, mitrei\u00dfend und sommerlich<\/p>\n\n\n\n<p><strong>Donnerstag, 04. Juli 2026<\/strong><br><strong>Beginn:<\/strong>&nbsp;18:00 Uhr<br><strong>Ort:<\/strong>&nbsp;Seel\u00e4nde K\u00f6nigssee<\/p>\n\n\n\n<p>F\u00fcr&nbsp;<strong>Getr\u00e4nke ist gesorgt<\/strong>.<br>Gerne&nbsp;<strong>Picknickdecken, Sitzgelegenheiten und gute Laune<\/strong>&nbsp;mitbringen und den Abend in entspannter Atmosph\u00e4re am See genie\u00dfen.<\/p>\n\n\n\n<p>Es erwartet euch ein&nbsp;<strong>stimmungsvoller Jubil\u00e4umsabend voller Musik, Gemeinschaft und Sommerflair<\/strong>.<\/p>\n\n\n\n<p>Freier Eintritt!<\/p>\n\n\n<div class=\"wp-block-image\">\n<figure class=\"aligncenter size-large is-resized\"><img loading=\"lazy\" decoding=\"async\" width=\"1024\" height=\"768\" src=\"http:\/\/xn--feuerwehr-knigssee-n3b.de\/wp-content\/uploads\/2026\/02\/Standkonzert-Seelaende-August-2025-1024x768.jpg\" alt=\"\" class=\"wp-image-752\" style=\"width:493px;height:auto\" srcset=\"http:\/\/xn--feuerwehr-knigssee-n3b.de\/wp-content\/uploads\/2026\/02\/Standkonzert-Seelaende-August-2025-1024x768.jpg 1024w, http:\/\/xn--feuerwehr-knigssee-n3b.de\/wp-content\/uploads\/2026\/02\/Standkonzert-Seelaende-August-2025-300x225.jpg 300w, http:\/\/xn--feuerwehr-knigssee-n3b.de\/wp-content\/uploads\/2026\/02\/Standkonzert-Seelaende-August-2025-768x576.jpg 768w, http:\/\/xn--feuerwehr-knigssee-n3b.de\/wp-content\/uploads\/2026\/02\/Standkonzert-Seelaende-August-2025-1536x1152.jpg 1536w, http:\/\/xn--feuerwehr-knigssee-n3b.de\/wp-content\/uploads\/2026\/02\/Standkonzert-Seelaende-August-2025-2048x1536.jpg 2048w\" sizes=\"auto, (max-width: 1024px) 100vw, 1024px\" \/><\/figure>\n<\/div>\n\n\n<p>************************************<\/p>\n","protected":false},"excerpt":{"rendered":"<p>F E S T P R O G R A M M Mittwoch, 19. August 2026 Spritzenhausparty goes Zelt Unsere legend\u00e4re Spritzenhausparty findet im Jahr 2026 im Rahmen unseres Jubil\u00e4umsfestes im Barzelt statt. Mit der Barparty am Mittwochabend starten wir voll motiviert in unser Festwochenende. F\u00fcr Partystimmung sorgen wie immer unsere top DJ\u00b4s \u2013 die [&hellip;]<\/p>\n","protected":false},"author":1,"featured_media":0,"parent":0,"menu_order":0,"comment_status":"closed","ping_status":"closed","template":"","meta":{"_eb_attr":"","footnotes":""},"class_list":["post-697","page","type-page","status-publish","hentry"],"_links":{"self":[{"href":"http:\/\/xn--feuerwehr-knigssee-n3b.de\/index.php?rest_route=\/wp\/v2\/pages\/697","targetHints":{"allow":["GET"]}}],"collection":[{"href":"http:\/\/xn--feuerwehr-knigssee-n3b.de\/index.php?rest_route=\/wp\/v2\/pages"}],"about":[{"href":"http:\/\/xn--feuerwehr-knigssee-n3b.de\/index.php?rest_route=\/wp\/v2\/types\/page"}],"author":[{"embeddable":true,"href":"http:\/\/xn--feuerwehr-knigssee-n3b.de\/index.php?rest_route=\/wp\/v2\/users\/1"}],"replies":[{"embeddable":true,"href":"http:\/\/xn--feuerwehr-knigssee-n3b.de\/index.php?rest_route=%2Fwp%2Fv2%2Fcomments&post=697"}],"version-history":[{"count":6,"href":"http:\/\/xn--feuerwehr-knigssee-n3b.de\/index.php?rest_route=\/wp\/v2\/pages\/697\/revisions"}],"predecessor-version":[{"id":765,"href":"http:\/\/xn--feuerwehr-knigssee-n3b.de\/index.php?rest_route=\/wp\/v2\/pages\/697\/revisions\/765"}],"wp:attachment":[{"href":"http:\/\/xn--feuerwehr-knigssee-n3b.de\/index.php?rest_route=%2Fwp%2Fv2%2Fmedia&parent=697"}],"curies":[{"name":"wp","href":"https:\/\/api.w.org\/{rel}","templated":true}]}}